{"id":4589,"date":"2020-11-27T13:12:46","date_gmt":"2020-11-27T11:12:46","guid":{"rendered":"http:\/\/www.instore-solution.fr\/?page_id=4589"},"modified":"2020-12-22T12:51:07","modified_gmt":"2020-12-22T10:51:07","slug":"le-premier-ministre-estonien-en-visite-chez-zara","status":"publish","type":"page","link":"https:\/\/www.instore-solution.fr\/en\/le-premier-ministre-estonien-en-visite-chez-zara\/","title":{"rendered":"Estonian Prime Minister visits Zara"},"content":{"rendered":"<h1>\n<h1>Estonian Prime Minister visits Zara Boulevard Haussmann<\/h1>\n<\/h1>\n<hr>\n<p><img decoding=\"async\" src=\"wp-content\/uploads\/cleveron-1.jpg\" alt=\"\"><\/p>\n<hr>\n<div>\n<h4><span style=\"color: #ff9900;\">Prime Minister J\u00fcri Ratas, during his official visit to France, took the opportunity to visit the Zara flagship, Boulevard Haussmann.<\/span><\/h4>\n<p>Prime Minister Ratas was received by Rapha\u00ebl Cambier, Managing Director of InStore Solution, official Cleveron distributor on the French market.<\/p>\n<p>During his visit, the Prime Minister had the chance to discover the Cleveron 402 robotic locker, installed in Zara stores around the world. This robotic locker plays an important role in the Inditex group&#039;s omnichannel strategy by offering an optimized package collection solution.<\/p>\n<p>\u201cInStore had the honour of welcoming Prime Minister J\u00fcri Ratas to present Cleveron's cutting-edge technology integrated at Zara in the prestigious Boulevard Haussmann in the heart of Paris. We had the chance to discuss our Franco-Estonian partnership with Cleveron, which has a bright future,\u201d said Rapha\u00ebl Cambier.<\/p>\n<p>The Cleveron 402 is the world&#039;s fastest robotic locker that delivers a package in less than 10 seconds, a crucial factor for a business that processes hundreds or thousands of packages per day. Automating parcel pick-up adds value to the customer shopping experience and significantly reduces the number of associated repetitive tasks that stores must manage each day.<\/p>\n<p>InStore Solution is a pioneer of digital solutions in France with more than 14 years of experience and a presence with the largest French retailers.<br \/>In February 2019, InStore Solution joined Groupe Interway to create a national leader in connected stores. Each year, InStore manages more than 20,000 terminals and screens, 2.5 million wifi connections, 5,000 access points and more than 70,000 payment terminals.<\/p>\n<p>Cleveron is a state-of-the-art Estonian company providing innovative \u201clast mile\u201d solutions to the world&#039;s leading retailers and logisticians. The 3,800 Cleveron lockers are located in 25 countries around the world. On average, 1.4 million packages are distributed each month using Cleveron lockers.<\/p>\n<\/div>\n<hr>\n<p><!-- {\"type\":\"layout\",\"children\":[{\"type\":\"section\",\"props\":{\"style\":\"default\",\"width\":\"default\",\"vertical_align\":\"middle\",\"title_position\":\"top-left\",\"title_rotation\":\"left\",\"title_breakpoint\":\"xl\",\"image_position\":\"center-center\",\"text_color\":\"\",\"width_expand\":\"\",\"height\":\"\",\"padding\":\"\",\"header_transparent\":\"\",\"animation\":\"\"},\"children\":[{\"type\":\"row\",\"props\":{\"layout\":\"1-1\",\"breakpoint\":\"m\",\"fixed_width\":\"large\",\"gutter\":\"\",\"width\":\"\",\"width_expand\":\"\",\"height\":\"\",\"margin\":\"\"},\"children\":[{\"type\":\"column\",\"props\":{\"widths\":[\"1-1\"],\"image_position\":\"center-center\",\"media_overlay_gradient\":\"\",\"vertical_align\":\"\",\"style\":\"\",\"text_color\":\"\",\"padding\":\"\"},\"children\":[{\"type\":\"headline\",\"props\":{\"title_element\":\"h1\",\"title_style\":\"\",\"title_decoration\":\"\",\"title_color\":\"\",\"text_align\":\"\",\"text_align_breakpoint\":\"\",\"text_align_fallback\":\"\",\"maxwidth\":\"\",\"maxwidth_align\":\"\",\"maxwidth_breakpoint\":\"\",\"margin\":\"\",\"animation\":\"\",\"visibility\":\"\",\"content\":\"\n\n<h1>Le Premier Ministre estonien en visite chez Zara Boulevard Haussmann<\\\/h1>\"}}]}]},{\"type\":\"row\",\"props\":{\"layout\":\"1-1\",\"breakpoint\":\"m\",\"fixed_width\":\"large\",\"gutter\":\"\",\"width\":\"\",\"width_expand\":\"\",\"height\":\"\",\"margin\":\"\"},\"children\":[{\"type\":\"column\",\"props\":{\"widths\":[\"1-1\"],\"image_position\":\"center-center\",\"media_overlay_gradient\":\"\",\"vertical_align\":\"\",\"style\":\"\",\"text_color\":\"\",\"padding\":\"\"},\"children\":[]}]},{\"type\":\"row\",\"props\":{\"layout\":\"fixed,,fixed\",\"breakpoint\":\"m\",\"fixed_width\":\"small\",\"gutter\":\"\",\"width\":\"\",\"width_expand\":\"\",\"height\":\"\",\"margin\":\"\"},\"children\":[{\"type\":\"column\",\"props\":{\"widths\":[\"fixed\"],\"image_position\":\"center-center\",\"media_overlay_gradient\":\"\",\"vertical_align\":\"\",\"style\":\"\",\"text_color\":\"\",\"padding\":\"\"},\"children\":[]},{\"type\":\"column\",\"props\":{\"widths\":[\"\"],\"image_position\":\"center-center\",\"media_overlay_gradient\":\"\",\"vertical_align\":\"\",\"style\":\"\",\"text_color\":\"\",\"padding\":\"\"},\"children\":[{\"type\":\"divider\",\"props\":{\"divider_element\":\"hr\",\"divider_style\":\"small\",\"divider_align\":\"center\",\"divider_align_breakpoint\":\"\",\"divider_align_fallback\":\"\",\"maxwidth\":\"\",\"maxwidth_align\":\"\",\"maxwidth_breakpoint\":\"\",\"margin\":\"\",\"animation\":\"\",\"visibility\":\"\"}},{\"type\":\"image\",\"props\":{\"margin\":\"default\",\"image_svg_color\":\"emphasis\",\"link_target\":\"\",\"image_border\":\"\",\"image_box_shadow\":\"\",\"image_hover_box_shadow\":\"\",\"image_box_decoration\":\"\",\"text_align\":\"center\",\"text_align_breakpoint\":\"\",\"text_align_fallback\":\"\",\"maxwidth\":\"\",\"maxwidth_align\":\"\",\"maxwidth_breakpoint\":\"\",\"animation\":\"\",\"visibility\":\"\",\"image\":\"wp-content\\\/uploads\\\/cleveron-1.jpg\",\"image_width\":\"500\",\"image_height\":\"400\"}},{\"type\":\"divider\",\"props\":{\"divider_element\":\"hr\",\"divider_style\":\"small\",\"divider_align\":\"center\",\"divider_align_breakpoint\":\"\",\"divider_align_fallback\":\"\",\"maxwidth\":\"\",\"maxwidth_align\":\"\",\"maxwidth_breakpoint\":\"\",\"margin\":\"\",\"animation\":\"\",\"visibility\":\"\"}},{\"type\":\"text\",\"props\":{\"margin\":\"default\",\"column_breakpoint\":\"m\",\"text_style\":\"\",\"text_color\":\"\",\"text_size\":\"\",\"column\":\"\",\"text_align\":\"\",\"text_align_breakpoint\":\"\",\"text_align_fallback\":\"\",\"maxwidth\":\"\",\"maxwidth_align\":\"\",\"maxwidth_breakpoint\":\"\",\"animation\":\"\",\"visibility\":\"\",\"content\":\"\n\n<h4><span style=\\\"color: #ff9900;\\\">Le Premier Ministre J\\u00fcri Ratas, lors de sa visite officielle en France, a profit\\u00e9 de cette occasion pour se rendre dans le flagship Zara, Boulevard Haussmann.<\\\/span><\\\/h4>\\n\n\n<p><br \\\/>Le Premier Ministre Ratas a \\u00e9t\\u00e9 re\\u00e7u par Rapha\\u00ebl Cambier, Directeur G\\u00e9n\\u00e9ral de la soci\\u00e9t\\u00e9 InStore Solution, distributeur officiel Cleveron sur le march\\u00e9 fran\\u00e7ais.<\\\/p>\\n\n\n<p><br \\\/>Durant sa visite, le Premier Ministre a eu la chance de d\\u00e9couvrir le locker robotis\\u00e9 Cleveron 402, install\\u00e9 au sein des boutiques Zara du monde entier. Ce locker robotis\\u00e9 joue un r\\u00f4le important dans la strat\\u00e9gie omnicanale du groupe Inditex en offrant une solution de retrait de colis optimis\\u00e9e.<\\\/p>\\n\n\n<p><br \\\/>\\u00ab InStore a eu l\\u2019honneur d\\u2019accueillir le Premier Ministre J\\u00fcri Ratas pour lui pr\\u00e9senter la technologie de pointe de Cleveron int\\u00e9gr\\u00e9e chez Zara dans le prestigieux boulevard Haussmann en plein c\\u0153ur de Paris. Nous avons eu la chance d\\u2019aborder notre partenariat franco-estonien avec Cleveron, promis \\u00e0 un bel avenir \\u00bb a d\\u00e9clar\\u00e9 Rapha\\u00ebl Cambier.<\\\/p>\\n\n\n<p><br \\\/>Le Cleveron 402 est le locker robotis\\u00e9 le plus rapide du monde qui permet de d\\u00e9livrer un colis en moins de 10 secondes, un facteur crucial pour une entreprise qui traitent des centaines ou milliers de colis par jour. L\\u2019automatisation du retrait de colis apporte de la valeur \\u00e0 l\\u2019exp\\u00e9rience d\\u2019achat client et r\\u00e9duit significativement le nombre de t\\u00e2ches r\\u00e9p\\u00e9titives associ\\u00e9es que les magasins doivent g\\u00e9rer chaque jour.<\\\/p>\\n\n\n<p><br \\\/>InStore Solution est un pionnier des solutions digitales en France avec plus de 14 ans d\\u2019exp\\u00e9rience et une pr\\u00e9sence chez les plus grands retailers fran\\u00e7ais.<br \\\/>En f\\u00e9vrier 2019, InStore Solution a rejoint le groupe Interway pour cr\\u00e9er un leader national des magasins connect\\u00e9s. Chaque ann\\u00e9e, InStore g\\u00e8re plus de 20 000 bornes et \\u00e9crans, 2,5 millions de connexions wifi, 5 000 points d\\u2019acc\\u00e8s et plus de 70 000 terminaux de paiement.<\\\/p>\\n\n\n<p><br \\\/>Cleveron est une entreprise estonienne \\u00e0 la pointe de la technologie qui fournit des solutions innovantes pour le \\u00ab dernier kilom\\u00e8tre \\u00bb aux plus grands retailers et logisticiens du monde. Les 3 800 lockers Cleveron sont implant\\u00e9s dans 25 pays \\u00e0 travers le monde. En moyenne, 1,4 millions de colis sont distribu\\u00e9s chaque mois gr\\u00e2ce aux lockers Cleveron.<\\\/p>\"}}]},{\"type\":\"column\",\"props\":{\"widths\":[\"fixed\"],\"image_position\":\"center-center\",\"media_overlay_gradient\":\"\",\"vertical_align\":\"\",\"style\":\"\",\"text_color\":\"\",\"padding\":\"\"},\"children\":[]}]},{\"type\":\"row\",\"props\":{\"layout\":\"1-1\",\"breakpoint\":\"m\",\"fixed_width\":\"large\",\"gutter\":\"\",\"width\":\"large\",\"width_expand\":\"\",\"height\":\"\",\"margin\":\"\",\"match\":false},\"children\":[{\"type\":\"column\",\"props\":{\"widths\":[\"1-1\"],\"image_position\":\"center-center\",\"media_overlay_gradient\":\"\",\"vertical_align\":\"\",\"style\":\"\",\"text_color\":\"\",\"padding\":\"\"},\"children\":[{\"type\":\"divider\",\"props\":{\"divider_element\":\"hr\",\"divider_style\":\"small\",\"divider_align\":\"center\",\"divider_align_breakpoint\":\"\",\"divider_align_fallback\":\"\",\"maxwidth\":\"\",\"maxwidth_align\":\"\",\"maxwidth_breakpoint\":\"\",\"margin\":\"\",\"animation\":\"\",\"visibility\":\"\"}}]}]}]}],\"version\":\"1.19.0\",\"props\":[]} --><\/p>","protected":false},"excerpt":{"rendered":"<p>Le Premier Ministre estonien en visite chez Zara Boulevard Haussmann Le Premier Ministre J\u00fcri Ratas, lors de sa visite officielle en France, a profit\u00e9 de cette occasion pour se rendre dans le flagship Zara, Boulevard Haussmann. Le Premier Ministre Ratas a \u00e9t\u00e9 re\u00e7u par Rapha\u00ebl Cambier, Directeur G\u00e9n\u00e9ral de la soci\u00e9t\u00e9 InStore Solution, distributeur officiel [&hellip;]<\/p>","protected":false},"author":1,"featured_media":0,"parent":0,"menu_order":0,"comment_status":"closed","ping_status":"closed","template":"","meta":{"_mi_skip_tracking":false,"_monsterinsights_sitenote_active":false,"_monsterinsights_sitenote_note":"","_monsterinsights_sitenote_category":0,"footnotes":""},"jetpack_sharing_enabled":true,"_links":{"self":[{"href":"https:\/\/www.instore-solution.fr\/en\/wp-json\/wp\/v2\/pages\/4589"}],"collection":[{"href":"https:\/\/www.instore-solution.fr\/en\/wp-json\/wp\/v2\/pages"}],"about":[{"href":"https:\/\/www.instore-solution.fr\/en\/wp-json\/wp\/v2\/types\/page"}],"author":[{"embeddable":true,"href":"https:\/\/www.instore-solution.fr\/en\/wp-json\/wp\/v2\/users\/1"}],"replies":[{"embeddable":true,"href":"https:\/\/www.instore-solution.fr\/en\/wp-json\/wp\/v2\/comments?post=4589"}],"version-history":[{"count":0,"href":"https:\/\/www.instore-solution.fr\/en\/wp-json\/wp\/v2\/pages\/4589\/revisions"}],"wp:attachment":[{"href":"https:\/\/www.instore-solution.fr\/en\/wp-json\/wp\/v2\/media?parent=4589"}],"curies":[{"name":"wp","href":"https:\/\/api.w.org\/{rel}","templated":true}]}}