{"id":6406,"date":"2021-04-08T16:03:21","date_gmt":"2021-04-08T14:03:21","guid":{"rendered":"https:\/\/www.instore-solution.fr\/?page_id=6406"},"modified":"2021-04-13T12:14:16","modified_gmt":"2021-04-13T10:14:16","slug":"formulaire-solutions-digitales","status":"publish","type":"page","link":"https:\/\/www.instore-solution.fr\/en\/formulaire-solutions-digitales\/","title":{"rendered":"Digital solutions form"},"content":{"rendered":"<h1>\n<h1 style=\"text-align: center;\"><span style=\"color: #ffffff;\">CONTACT US!\u00a0<\/span><\/h1>\n<\/h1>\n<div>\n<div class=\"et_pb_row et_pb_row_1\">\n<div class=\"et_pb_column et_pb_column_4_4 et_pb_column_1  et_pb_css_mix_blend_mode_passthrough et-last-child\">\n<div class=\"et_pb_module et_pb_text et_pb_text_1  et_pb_text_align_left et_pb_bg_layout_light\">\n<h4 class=\"et_pb_text_inner\" style=\"text-align: left;\"><span class=\"s1\">You want more information on our digital solutions <\/span><span class=\"s1\">and on our different services<\/span><span class=\"s1\">\u00a0? <\/span><br \/><span class=\"s1\">Vous aimeriez \u00eatre conseill\u00e9 sur votre projet selon votre secteur d&rsquo;activit\u00e9 <\/span><span class=\"s1\">? <\/span><br \/><span class=\"s1\">Fill out the form below or contact us directly by phone!<br \/><\/span><\/h4>\n<\/div>\n<\/div>\n<\/div>\n<\/div>\n<div>\n<div class=\"wpforms-container wpforms-container-full\" id=\"wpforms-6404\"><form id=\"wpforms-form-6404\" class=\"wpforms-validate wpforms-form\" data-formid=\"6404\" method=\"post\" enctype=\"multipart\/form-data\" action=\"\/en\/wp-json\/wp\/v2\/pages\/6406\" data-token=\"6ffb6022181bd088e13faff46187be54\" data-token-time=\"1777557418\" data-trp-original-action=\"\/en\/wp-json\/wp\/v2\/pages\/6406\"><noscript class=\"wpforms-error-noscript\">Please enable JavaScript in your browser to complete this form.<\/noscript><div class=\"wpforms-field-container\"><div id=\"wpforms-6404-field_0-container\" class=\"wpforms-field wpforms-field-name\" data-field-id=\"0\"><label class=\"wpforms-field-label\">Identity <span class=\"wpforms-required-label\">*<\/span><\/label><div class=\"wpforms-field-row wpforms-field-medium\"><div class=\"wpforms-field-row-block wpforms-first wpforms-one-half\"><input type=\"text\" id=\"wpforms-6404-field_0\" class=\"wpforms-field-name-first wpforms-field-required\" name=\"wpforms[fields][0][first]\" required><label for=\"wpforms-6404-field_0\" class=\"wpforms-field-sublabel after\">First<\/label><\/div><div class=\"wpforms-field-row-block wpforms-one-half\"><input type=\"text\" id=\"wpforms-6404-field_0-last\" class=\"wpforms-field-name-last wpforms-field-required\" name=\"wpforms[fields][0][last]\" required><label for=\"wpforms-6404-field_0-last\" class=\"wpforms-field-sublabel after\">Last<\/label><\/div><\/div><\/div><div id=\"wpforms-6404-field_1-container\" class=\"wpforms-field wpforms-field-email\" data-field-id=\"1\"><label class=\"wpforms-field-label\" for=\"wpforms-6404-field_1\">E-mail <span class=\"wpforms-required-label\">*<\/span><\/label><input type=\"email\" id=\"wpforms-6404-field_1\" class=\"wpforms-field-medium wpforms-field-required\" name=\"wpforms[fields][1]\" spellcheck=\"false\" required><\/div><div id=\"wpforms-6404-field_4-container\" class=\"wpforms-field wpforms-field-text\" data-field-id=\"4\"><label class=\"wpforms-field-label\" for=\"wpforms-6404-field_4\">Your company <span class=\"wpforms-required-label\">*<\/span><\/label><input type=\"text\" id=\"wpforms-6404-field_4\" class=\"wpforms-field-medium wpforms-field-required\" name=\"wpforms[fields][4]\" required><\/div><div id=\"wpforms-6404-field_5-container\" class=\"wpforms-field wpforms-field-text\" data-field-id=\"5\"><label class=\"wpforms-field-label\" for=\"wpforms-6404-field_5\">Function <span class=\"wpforms-required-label\">*<\/span><\/label><input type=\"text\" id=\"wpforms-6404-field_5\" class=\"wpforms-field-medium wpforms-field-required\" name=\"wpforms[fields][5]\" required><\/div><div id=\"wpforms-6404-field_6-container\" class=\"wpforms-field wpforms-field-text\" data-field-id=\"6\"><label class=\"wpforms-field-label\" for=\"wpforms-6404-field_6\">Telephone <span class=\"wpforms-required-label\">*<\/span><\/label><input type=\"text\" id=\"wpforms-6404-field_6\" class=\"wpforms-field-medium wpforms-field-required\" name=\"wpforms[fields][6]\" required><\/div><div id=\"wpforms-6404-field_7-container\" class=\"wpforms-field wpforms-field-radio\" data-field-id=\"7\"><label class=\"wpforms-field-label\">You wish :<\/label><ul id=\"wpforms-6404-field_7\"><li class=\"choice-1 depth-1\"><input type=\"radio\" id=\"wpforms-6404-field_7_1\" name=\"wpforms[fields][7]\" value=\"DES INFORMATIONS\"  ><label class=\"wpforms-field-label-inline\" for=\"wpforms-6404-field_7_1\">INFORMATIONS<\/label><\/li><li class=\"choice-2 depth-1\"><input type=\"radio\" id=\"wpforms-6404-field_7_2\" name=\"wpforms[fields][7]\" value=\"UN DEVIS\"  ><label class=\"wpforms-field-label-inline\" for=\"wpforms-6404-field_7_2\">A QUOTE<\/label><\/li><li class=\"choice-3 depth-1\"><input type=\"radio\" id=\"wpforms-6404-field_7_3\" name=\"wpforms[fields][7]\" value=\"AUTRE\"  ><label class=\"wpforms-field-label-inline\" for=\"wpforms-6404-field_7_3\">OTHER<\/label><\/li><\/ul><\/div><div id=\"wpforms-6404-field_2-container\" class=\"wpforms-field wpforms-field-textarea\" data-field-id=\"2\"><label class=\"wpforms-field-label\" for=\"wpforms-6404-field_2\">Describe your request <span class=\"wpforms-required-label\">*<\/span><\/label><textarea id=\"wpforms-6404-field_2\" class=\"wpforms-field-medium wpforms-field-required\" name=\"wpforms[fields][2]\" required><\/textarea><\/div><div id=\"wpforms-6404-field_8-container\" class=\"wpforms-field wpforms-field-gdpr-checkbox\" data-field-id=\"8\"><label class=\"wpforms-field-label\">GDPR Agreement <span class=\"wpforms-required-label\">*<\/span><\/label><ul id=\"wpforms-6404-field_8\" class=\"wpforms-field-required\"><li class=\"choice-1\"><input type=\"checkbox\" id=\"wpforms-6404-field_8_1\" name=\"wpforms[fields][8][]\" value=\"Je consens \u00e0 ce que ce site stocke mes informations envoy\u00e9es afin qu\u2019ils puissent r\u00e9pondre \u00e0 ma requ\u00eate.\" required><label class=\"wpforms-field-label-inline\" for=\"wpforms-6404-field_8_1\">I consent to this site storing my submitted information so that they can respond to my request.<\/label><\/li><\/ul><\/div><\/div><!-- .wpforms-field-container --><div class=\"wpforms-submit-container\" ><input type=\"hidden\" name=\"wpforms[id]\" value=\"6404\"><input type=\"hidden\" name=\"page_title\" value=\"\"><input type=\"hidden\" name=\"page_url\" value=\"https:\/\/www.instore-solution.fr\/en\/wp-json\/wp\/v2\/pages\/6406\"><button type=\"submit\" name=\"wpforms[submit]\" id=\"wpforms-submit-6404\" class=\"wpforms-submit\" data-alt-text=\"Envoi...\" data-submit-text=\"Envoyer\" aria-live=\"assertive\" value=\"wpforms-submit\">Send<\/button><\/div><input type=\"hidden\" name=\"trp-form-language\" value=\"en\"\/><\/form><\/div>  <!-- .wpforms-container --><\/div>\n<p><!-- {\"type\":\"layout\",\"children\":[{\"type\":\"section\",\"props\":{\"style\":\"default\",\"width\":\"default\",\"vertical_align\":\"middle\",\"title_position\":\"top-left\",\"title_rotation\":\"left\",\"title_breakpoint\":\"xl\",\"image_position\":\"center-center\",\"text_color\":\"\",\"width_expand\":\"\",\"height\":\"\",\"padding\":\"large\",\"header_transparent\":\"\",\"animation\":\"\",\"image\":\"wp-content\\\/uploads\\\/Bandeau-Solutions-Digitales-Site-web-InStore-Solution.jpg\",\"image_size\":\"\",\"image_effect\":\"\",\"image_parallax_breakpoint\":\"\",\"image_visibility\":\"\",\"video_width\":\"\",\"video_height\":\"\",\"media_blend_mode\":\"\",\"padding_remove_top\":false,\"padding_remove_bottom\":false},\"children\":[{\"type\":\"row\",\"props\":{\"layout\":\"1-1\",\"breakpoint\":\"m\",\"fixed_width\":\"large\",\"gutter\":\"\",\"width\":\"\",\"width_expand\":\"\",\"height\":\"\",\"margin\":\"\"},\"children\":[{\"type\":\"column\",\"props\":{\"widths\":[\"1-1\"],\"image_position\":\"center-center\",\"media_overlay_gradient\":\"\",\"vertical_align\":\"\",\"style\":\"\",\"text_color\":\"\",\"padding\":\"\"},\"children\":[{\"type\":\"headline\",\"props\":{\"title_element\":\"h1\",\"title_style\":\"h1\",\"title_decoration\":\"\",\"title_color\":\"\",\"text_align\":\"left\",\"text_align_breakpoint\":\"\",\"text_align_fallback\":\"\",\"maxwidth\":\"xlarge\",\"maxwidth_align\":\"\",\"maxwidth_breakpoint\":\"\",\"margin\":\"\",\"animation\":\"\",\"visibility\":\"\",\"content\":\"\n\n<h1 style=\\\"text-align: center;\\\"><span style=\\\"color: #ffffff;\\\">CONTACTEZ-NOUS !\\u00a0<\\\/span><\\\/h1>\",\"margin_remove_top\":false}}]}]}]},{\"type\":\"section\",\"props\":{\"style\":\"muted\",\"width\":\"default\",\"vertical_align\":\"middle\",\"title_position\":\"top-left\",\"title_rotation\":\"left\",\"title_breakpoint\":\"xl\",\"image_position\":\"center-center\",\"text_color\":\"\",\"width_expand\":\"\",\"height\":\"\",\"padding\":\"small\",\"header_transparent\":\"\",\"animation\":\"\",\"padding_remove_top\":false},\"children\":[{\"type\":\"row\",\"props\":{\"layout\":\"1-1\",\"breakpoint\":\"m\",\"fixed_width\":\"large\",\"gutter\":\"\",\"width\":\"\",\"width_expand\":\"\",\"height\":\"\",\"margin\":\"\"},\"children\":[{\"type\":\"column\",\"props\":{\"widths\":[\"1-1\"],\"image_position\":\"center-center\",\"media_overlay_gradient\":\"\",\"vertical_align\":\"\",\"style\":\"\",\"text_color\":\"\",\"padding\":\"\"},\"children\":[{\"type\":\"headline\",\"props\":{\"title_element\":\"div\",\"title_style\":\"\",\"title_decoration\":\"\",\"title_color\":\"\",\"text_align\":\"\",\"text_align_breakpoint\":\"\",\"text_align_fallback\":\"\",\"maxwidth\":\"\",\"maxwidth_align\":\"\",\"maxwidth_breakpoint\":\"\",\"margin\":\"medium\",\"animation\":\"\",\"visibility\":\"\",\"content\":\"\n\n<div class=\\\"et_pb_row et_pb_row_1\\\">\\n\n\n<div class=\\\"et_pb_column et_pb_column_4_4 et_pb_column_1  et_pb_css_mix_blend_mode_passthrough et-last-child\\\">\\n\n\n<div class=\\\"et_pb_module et_pb_text et_pb_text_1  et_pb_text_align_left et_pb_bg_layout_light\\\">\\n\n\n<h4 class=\\\"et_pb_text_inner\\\" style=\\\"text-align: left;\\\"><span class=\\\"s1\\\">Vous souhaitez plus de renseignements sur nos solutions digitales <\\\/span><span class=\\\"s1\\\">et sur nos diff\\u00e9rents services<\\\/span><span class=\\\"s1\\\">\\u00a0? <\\\/span><br \\\/><span class=\\\"s1\\\">Vous aimeriez \\u00eatre conseill\\u00e9 sur votre projet selon votre secteur d'activit\\u00e9 <\\\/span><span class=\\\"s1\\\">? <\\\/span><br \\\/><span class=\\\"s1\\\">Remplissez le formulaire ci-dessous ou contactez-nous directement par t\\u00e9l\\u00e9phone !<br \\\/><\\\/span><\\\/h4>\\n<\\\/div>\\n<\\\/div>\\n<\\\/div>\"}},{\"type\":\"html\",\"props\":{\"content\":\"[wpforms id=\\\"6404\\\"]\"}}]}]}]},{\"type\":\"section\",\"props\":{\"style\":\"default\",\"width\":\"default\",\"vertical_align\":\"middle\",\"title_position\":\"top-left\",\"title_rotation\":\"left\",\"title_breakpoint\":\"xl\",\"image_position\":\"center-center\",\"text_color\":\"\",\"width_expand\":\"\",\"height\":\"\",\"padding\":\"\",\"header_transparent\":\"\",\"animation\":\"\"},\"children\":[{\"type\":\"row\",\"props\":{\"layout\":\"1-1\",\"breakpoint\":\"m\",\"fixed_width\":\"large\",\"gutter\":\"\",\"width\":\"\",\"width_expand\":\"\",\"height\":\"\",\"margin\":\"\"},\"children\":[{\"type\":\"column\",\"props\":{\"widths\":[\"1-1\"],\"image_position\":\"center-center\",\"media_overlay_gradient\":\"\",\"vertical_align\":\"\",\"style\":\"\",\"text_color\":\"\",\"padding\":\"\"},\"children\":[{\"type\":\"totop\",\"props\":{\"margin\":\"default\",\"text_align\":\"\",\"text_align_breakpoint\":\"\",\"text_align_fallback\":\"\",\"maxwidth\":\"\",\"maxwidth_align\":\"\",\"maxwidth_breakpoint\":\"\",\"animation\":\"\",\"visibility\":\"\"}}]}]}]}],\"version\":\"1.19.0\",\"props\":[]} --><\/p>","protected":false},"excerpt":{"rendered":"<p>CONTACTEZ-NOUS !\u00a0 Vous souhaitez plus de renseignements sur nos solutions digitales et sur nos diff\u00e9rents services\u00a0? Vous aimeriez \u00eatre conseill\u00e9 sur votre projet selon votre secteur d&rsquo;activit\u00e9 ? Remplissez le formulaire ci-dessous ou contactez-nous directement par t\u00e9l\u00e9phone !<\/p>","protected":false},"author":1,"featured_media":0,"parent":0,"menu_order":1,"comment_status":"closed","ping_status":"closed","template":"","meta":{"_mi_skip_tracking":false,"_monsterinsights_sitenote_active":false,"_monsterinsights_sitenote_note":"","_monsterinsights_sitenote_category":0,"footnotes":""},"jetpack_sharing_enabled":true,"_links":{"self":[{"href":"https:\/\/www.instore-solution.fr\/en\/wp-json\/wp\/v2\/pages\/6406"}],"collection":[{"href":"https:\/\/www.instore-solution.fr\/en\/wp-json\/wp\/v2\/pages"}],"about":[{"href":"https:\/\/www.instore-solution.fr\/en\/wp-json\/wp\/v2\/types\/page"}],"author":[{"embeddable":true,"href":"https:\/\/www.instore-solution.fr\/en\/wp-json\/wp\/v2\/users\/1"}],"replies":[{"embeddable":true,"href":"https:\/\/www.instore-solution.fr\/en\/wp-json\/wp\/v2\/comments?post=6406"}],"version-history":[{"count":0,"href":"https:\/\/www.instore-solution.fr\/en\/wp-json\/wp\/v2\/pages\/6406\/revisions"}],"wp:attachment":[{"href":"https:\/\/www.instore-solution.fr\/en\/wp-json\/wp\/v2\/media?parent=6406"}],"curies":[{"name":"wp","href":"https:\/\/api.w.org\/{rel}","templated":true}]}}