{"id":7125,"date":"2021-06-29T10:38:35","date_gmt":"2021-06-29T08:38:35","guid":{"rendered":"https:\/\/www.instore-solution.fr\/?page_id=7125"},"modified":"2024-11-14T16:45:31","modified_gmt":"2024-11-14T14:45:31","slug":"solutions-digitales-grands-comptes","status":"publish","type":"page","link":"https:\/\/www.instore-solution.fr\/en\/solutions-digitales-grands-comptes\/","title":{"rendered":"solutions-digitales-grands-comptes"},"content":{"rendered":"<h1>\n<h1 style=\"text-align: left;\"><span style=\"color: #ffffff;\">Digital solutions<\/span><br \/><span style=\"color: #ffffff;\">Large companies sector<\/span><\/h1>\n<\/h1>\n<h1>\n<h2>Int\u00e9grez l&rsquo;innovation dans votre environnement<\/h2>\n<\/h1>\n<div>\n<p style=\"text-align: justify;\">Nos solutions permettent \u00e0 votre agence (banques, assurances&#8230;) ou entreprise d&rsquo;apporter de la facilit\u00e9 dans le parcours client en digitalisant votre \u00e9tablissement. InStore Solution vous apporte des solutions adapt\u00e9es \u00e0 vos diff\u00e9rents services. La technologie ouvre de nouvelles opportunit\u00e9s pour am\u00e9liorer la qualit\u00e9 de service et l&rsquo;exp\u00e9rience client. Avec nos solutions vous allez b\u00e9n\u00e9ficier d&rsquo;un gain de temps optimal. Aujourd&rsquo;hui, les entreprises comme les agences sp\u00e9cialis\u00e9es dans la finance ont besoin de l&rsquo;omnicanalit\u00e9 dans leur strat\u00e9gie pour faire face aux diff\u00e9rents enjeux de la concurrence.\u00a0<\/p>\n<\/div>\n<div>\n<p style=\"text-align: justify;\">For more mobility, more proximity, more performance, more profitability, discover our solutions:<\/p>\n<\/div>\n<ul>\n<li>\n<p>        <a href=\"https:\/\/www.instore-solution.fr\/en\/nos-solutions\/lockers-connectes\/\"><img decoding=\"async\" src=\"wp-content\/uploads\/HM-300X300-vos-metiers-site-internet-instore-solution.jpg\" alt=\"\"><\/a><\/p>\n<h3>Connected lockers <\/h3>\n<\/li>\n<li>\n<p>        <a href=\"https:\/\/www.instore-solution.fr\/en\/nos-solutions\/affichage-dynamique\/\"><img decoding=\"async\" src=\"wp-content\/uploads\/Affichage-dynamique-vos-metiers-site-internet-instore-solution.jpg\" alt=\"\"><\/a><\/p>\n<h3>Digital signage<\/h3>\n<\/li>\n<li>\n<p>        <a href=\"https:\/\/www.instore-solution.fr\/en\/nos-solutions\/bornes-interactives\/\"><img decoding=\"async\" src=\"wp-content\/uploads\/Bornes-interactives-vos-metiers-site-internet-instore-solution.jpg\" alt=\"\"><\/a><\/p>\n<h3>Interactive Kiosks<\/h3>\n<\/li>\n<li>\n<p>        <a href=\"https:\/\/www.instore-solution.fr\/en\/nos-solutions\/solutions-digitales\/\"><img decoding=\"async\" src=\"wp-content\/uploads\/Solutions-digitales-vos-metiers-site-internet-instore-solution.jpg\" alt=\"\"><\/a><\/p>\n<h3>Digital solutions<\/h3>\n<\/li>\n<\/ul>\n<hr>\n<ul>\n<li>\n<h4>Tailor-made support for your requests<\/h4>\n<div>\n<ul>\n<li style=\"text-align: justify;\">Support the customer in his purchasing process<\/li>\n<li style=\"text-align: justify;\">Exhibit your different services with our solutions<\/li>\n<li style=\"text-align: justify;\">Check your remaining places in real time<\/li>\n<\/ul>\n<\/div>\n<\/li>\n<li>\n<h4>Strengthen satisfaction and loyalty with personalized services<\/h4>\n<div>\n<ul>\n<li style=\"text-align: justify;\">Proposez des solutions simple d&rsquo;utilisation<\/li>\n<li style=\"text-align: justify;\">Permettez d&rsquo;augmenter votre visibilit\u00e9\u00a0<\/li>\n<li style=\"text-align: justify;\">Offer personalized services to each of your clients<\/li>\n<li style=\"text-align: justify;\">R\u00e9duisez le temps d&rsquo;attente sur place<\/li>\n<\/ul>\n<\/div>\n<\/li>\n<li>\n<h4>Management of your innovative collaborative projects<\/h4>\n<div>\n<ul>\n<li style=\"text-align: justify;\">Increase the productivity of your employees in the office<\/li>\n<li style=\"text-align: justify;\">Permettez d&rsquo;augmenter la demande en agence<\/li>\n<li style=\"text-align: justify;\">Increase collaborative work thanks to our efficient solutions.\u00a0<\/li>\n<\/ul>\n<\/div>\n<\/li>\n<\/ul>\n<div>\n<h3 style=\"text-align: center;\">Would you like to know more about our solutions and different services?\u00a0<\/h3>\n<\/div>\n<p>\n    <a href=\"https:\/\/www.instore-solution.fr\/en\/contact\/\">Contact us<\/a>\n<\/p>\n<p><!-- {\"name\":\"affichage dynamqiue v7\",\"type\":\"layout\",\"children\":[{\"type\":\"section\",\"props\":{\"style\":\"default\",\"width\":\"default\",\"vertical_align\":\"middle\",\"title_position\":\"top-left\",\"title_rotation\":\"left\",\"title_breakpoint\":\"xl\",\"image_position\":\"center-center\",\"text_color\":\"\",\"width_expand\":\"\",\"height\":\"\",\"padding\":\"large\",\"header_transparent\":\"\",\"animation\":\"\",\"image\":\"wp-content\\\/uploads\\\/Bandeau-page-banques-assurances-InStore-Solution.jpg\"},\"children\":[{\"type\":\"row\",\"props\":{\"layout\":\"1-1\",\"breakpoint\":\"m\",\"fixed_width\":\"large\",\"gutter\":\"\",\"width\":\"\",\"width_expand\":\"\",\"height\":\"\",\"margin\":\"\"},\"children\":[{\"type\":\"column\",\"props\":{\"widths\":[\"1-1\"],\"image_position\":\"center-center\",\"media_overlay_gradient\":\"\",\"vertical_align\":\"\",\"style\":\"\",\"text_color\":\"\",\"padding\":\"\"},\"children\":[{\"type\":\"headline\",\"props\":{\"title_element\":\"h1\",\"title_style\":\"h1\",\"title_decoration\":\"\",\"title_color\":\"\",\"text_align\":\"left\",\"text_align_breakpoint\":\"\",\"text_align_fallback\":\"\",\"maxwidth\":\"medium\",\"maxwidth_align\":\"\",\"maxwidth_breakpoint\":\"\",\"margin\":\"\",\"animation\":\"\",\"visibility\":\"\",\"content\":\"\n\n<h1 style=\\\"text-align: left;\\\"><span style=\\\"color: #ffffff;\\\">Solutions digitales<\\\/span><br \\\/><span style=\\\"color: #ffffff;\\\">Secteur grands comptes<\\\/span><\\\/h1>\"}}]}]}]},{\"type\":\"section\",\"props\":{\"style\":\"default\",\"width\":\"default\",\"vertical_align\":\"middle\",\"title_position\":\"top-left\",\"title_rotation\":\"left\",\"title_breakpoint\":\"xl\",\"image_position\":\"center-center\",\"text_color\":\"\",\"width_expand\":\"\",\"height\":\"\",\"padding\":\"\",\"header_transparent\":\"\",\"animation\":\"\"},\"children\":[{\"type\":\"row\",\"props\":{\"layout\":\"1-1\",\"breakpoint\":\"m\",\"fixed_width\":\"large\",\"gutter\":\"\",\"width\":\"\",\"width_expand\":\"\",\"height\":\"\",\"margin\":\"\"},\"children\":[{\"type\":\"column\",\"props\":{\"widths\":[\"1-1\"],\"image_position\":\"center-center\",\"media_overlay_gradient\":\"\",\"vertical_align\":\"\",\"style\":\"\",\"text_color\":\"\",\"padding\":\"\"},\"children\":[{\"type\":\"headline\",\"props\":{\"title_element\":\"h1\",\"title_style\":\"\",\"title_decoration\":\"\",\"title_color\":\"\",\"text_align\":\"\",\"text_align_breakpoint\":\"\",\"text_align_fallback\":\"\",\"maxwidth\":\"\",\"maxwidth_align\":\"\",\"maxwidth_breakpoint\":\"\",\"margin\":\"\",\"animation\":\"\",\"visibility\":\"\",\"content\":\"\n\n<h2>Int\\u00e9grez l'innovation dans votre environnement<\\\/h2>\"}},{\"type\":\"text\",\"props\":{\"margin\":\"default\",\"column_breakpoint\":\"m\",\"text_style\":\"\",\"text_color\":\"\",\"text_size\":\"\",\"column\":\"\",\"text_align\":\"\",\"text_align_breakpoint\":\"\",\"text_align_fallback\":\"\",\"maxwidth\":\"\",\"maxwidth_align\":\"\",\"maxwidth_breakpoint\":\"\",\"animation\":\"\",\"visibility\":\"\",\"content\":\"\n\n<p style=\\\"text-align: justify;\\\">Nos solutions permettent \\u00e0 votre agence (banques, assurances...) ou entreprise d'apporter de la facilit\\u00e9 dans le parcours client en digitalisant votre \\u00e9tablissement. InStore Solution vous apporte des solutions adapt\\u00e9es \\u00e0 vos diff\\u00e9rents services. La technologie ouvre de nouvelles opportunit\\u00e9s pour am\\u00e9liorer la qualit\\u00e9 de service et l'exp\\u00e9rience client. Avec nos solutions vous allez b\\u00e9n\\u00e9ficier d'un gain de temps optimal. Aujourd'hui, les entreprises comme les agences sp\\u00e9cialis\\u00e9es dans la finance ont besoin de l'omnicanalit\\u00e9 dans leur strat\\u00e9gie pour faire face aux diff\\u00e9rents enjeux de la concurrence.\\u00a0<\\\/p>\"}},{\"type\":\"text\",\"props\":{\"margin\":\"default\",\"column_breakpoint\":\"m\",\"text_style\":\"\",\"text_color\":\"\",\"text_size\":\"\",\"column\":\"\",\"text_align\":\"\",\"text_align_breakpoint\":\"\",\"text_align_fallback\":\"\",\"maxwidth\":\"\",\"maxwidth_align\":\"\",\"maxwidth_breakpoint\":\"\",\"animation\":\"\",\"visibility\":\"\",\"content\":\"\n\n<p style=\\\"text-align: justify;\\\"><br \\\/>Pour + de mobilit\\u00e9, + de proximit\\u00e9, + de performances, + de rentabilit\\u00e9, d\\u00e9couvrez nos solutions :<\\\/p>\"}},{\"type\":\"gallery\",\"props\":{\"show_title\":true,\"show_meta\":true,\"show_content\":true,\"show_link\":true,\"show_hover_image\":true,\"grid_default\":\"4\",\"grid_medium\":\"4\",\"filter_style\":\"tab\",\"filter_all\":true,\"filter_position\":\"top\",\"filter_align\":\"left\",\"filter_grid_width\":\"auto\",\"filter_breakpoint\":\"m\",\"overlay_mode\":\"caption\",\"overlay_hover\":false,\"overlay_style\":\"overlay-primary\",\"text_color\":\"light\",\"overlay_position\":\"center\",\"overlay_transition\":\"fade\",\"title_element\":\"h3\",\"meta_style\":\"meta\",\"meta_align\":\"below-title\",\"link_text\":\"En savoir plus\",\"link_style\":\"link-text\",\"text_align\":\"center\",\"margin\":\"medium\",\"item_animation\":\"\",\"gutter\":\"\",\"grid_small\":\"4\",\"grid_large\":\"4\",\"grid_xlarge\":\"4\",\"filter_margin\":\"\",\"filter_gutter\":\"\",\"title_display\":\"\",\"content_display\":\"\",\"item_maxwidth\":\"\",\"overlay_padding\":\"small\",\"overlay_margin\":\"\",\"overlay_maxwidth\":\"\",\"image_transition\":\"\",\"image_box_shadow\":\"\",\"image_hover_box_shadow\":\"\",\"image_box_decoration\":\"\",\"title_transition\":\"\",\"title_style\":\"\",\"title_decoration\":\"\",\"title_color\":\"\",\"title_margin\":\"\",\"meta_transition\":\"\",\"meta_color\":\"\",\"meta_margin\":\"\",\"content_transition\":\"\",\"content_style\":\"\",\"content_margin\":\"\",\"link_type\":\"\",\"link_transition\":\"\",\"link_size\":\"\",\"link_margin\":\"small\",\"text_align_breakpoint\":\"\",\"text_align_fallback\":\"\",\"maxwidth\":\"\",\"maxwidth_align\":\"\",\"maxwidth_breakpoint\":\"\",\"visibility\":\"\",\"css\":\"    .uk-overlay\\n{\\n    background-color: rgba(255,255,255,0.8);\\n}\"},\"children\":[{\"type\":\"gallery_item\",\"props\":{\"text_color\":\"\",\"image\":\"wp-content\\\/uploads\\\/HM-300X300-vos-metiers-site-internet-instore-solution.jpg\",\"title\":\"Lockers connect\\u00e9s \",\"link\":\"https:\\\/\\\/www.instore-solution.fr\\\/nos-solutions\\\/lockers-connectes\\\/\"}},{\"type\":\"gallery_item\",\"props\":{\"text_color\":\"\",\"image\":\"wp-content\\\/uploads\\\/Affichage-dynamique-vos-metiers-site-internet-instore-solution.jpg\",\"title\":\"Affichage dynamique\",\"link\":\"https:\\\/\\\/www.instore-solution.fr\\\/nos-solutions\\\/affichage-dynamique\\\/\"}},{\"type\":\"gallery_item\",\"props\":{\"text_color\":\"\",\"image\":\"wp-content\\\/uploads\\\/Bornes-interactives-vos-metiers-site-internet-instore-solution.jpg\",\"title\":\"Bornes interactives\",\"link\":\"https:\\\/\\\/www.instore-solution.fr\\\/nos-solutions\\\/bornes-interactives\\\/\"}},{\"type\":\"gallery_item\",\"props\":{\"text_color\":\"\",\"image\":\"wp-content\\\/uploads\\\/Solutions-digitales-vos-metiers-site-internet-instore-solution.jpg\",\"title\":\"Solutions digitales\",\"link\":\"https:\\\/\\\/www.instore-solution.fr\\\/nos-solutions\\\/solutions-digitales\\\/\"}}]}]}]}]},{\"type\":\"section\",\"props\":{\"style\":\"default\",\"width\":\"default\",\"vertical_align\":\"middle\",\"title_position\":\"top-left\",\"title_rotation\":\"left\",\"title_breakpoint\":\"xl\",\"image_position\":\"center-center\",\"text_color\":\"\",\"width_expand\":\"\",\"height\":\"\",\"padding\":\"\",\"header_transparent\":\"\",\"animation\":\"\",\"padding_remove_bottom\":false,\"padding_remove_top\":true},\"children\":[{\"type\":\"row\",\"props\":{\"layout\":\"1-1\",\"breakpoint\":\"m\",\"fixed_width\":\"large\",\"gutter\":\"\",\"width\":\"\",\"width_expand\":\"\",\"height\":\"\",\"margin\":\"\"},\"children\":[{\"type\":\"column\",\"props\":{\"widths\":[\"1-1\"],\"image_position\":\"center-center\",\"media_overlay_gradient\":\"\",\"vertical_align\":\"\",\"style\":\"\",\"text_color\":\"\",\"padding\":\"\"},\"children\":[{\"type\":\"divider\",\"props\":{\"divider_element\":\"hr\",\"divider_style\":\"\",\"divider_align\":\"\",\"divider_align_breakpoint\":\"\",\"divider_align_fallback\":\"\",\"maxwidth\":\"small\",\"maxwidth_align\":\"\",\"maxwidth_breakpoint\":\"\",\"margin\":\"\",\"animation\":\"\",\"visibility\":\"\"}},{\"type\":\"grid\",\"props\":{\"show_title\":true,\"show_meta\":true,\"show_content\":true,\"show_image\":true,\"show_link\":true,\"grid_default\":\"3\",\"grid_medium\":\"3\",\"filter_style\":\"tab\",\"filter_all\":true,\"filter_position\":\"top\",\"filter_align\":\"left\",\"filter_grid_width\":\"auto\",\"filter_breakpoint\":\"m\",\"title_element\":\"h4\",\"title_align\":\"top\",\"title_grid_width\":\"1-2\",\"title_breakpoint\":\"m\",\"meta_style\":\"meta\",\"meta_align\":\"below-title\",\"icon_ratio\":4,\"image_align\":\"top\",\"image_grid_width\":\"1-2\",\"image_breakpoint\":\"m\",\"image_svg_color\":\"emphasis\",\"link_text\":\"Read more\",\"link_style\":\"default\",\"margin\":\"large\",\"item_animation\":\"\",\"gutter\":\"small\",\"grid_small\":\"3\",\"grid_large\":\"3\",\"grid_xlarge\":\"3\",\"filter_margin\":\"\",\"filter_gutter\":\"\",\"title_display\":\"\",\"content_display\":\"\",\"panel_style\":\"\",\"panel_content_padding\":\"\",\"panel_size\":\"small\",\"item_maxwidth\":\"medium\",\"title_style\":\"\",\"title_decoration\":\"\",\"title_color\":\"\",\"title_gutter\":\"\",\"title_margin\":\"\",\"meta_color\":\"\",\"meta_margin\":\"\",\"content_style\":\"\",\"content_margin\":\"\",\"image_border\":\"\",\"image_box_shadow\":\"\",\"image_hover_box_shadow\":\"\",\"image_box_decoration\":\"\",\"icon_color\":\"\",\"image_gutter\":\"\",\"image_margin\":\"\",\"link_type\":\"\",\"link_size\":\"\",\"link_margin\":\"\",\"text_align\":\"center\",\"text_align_breakpoint\":\"\",\"text_align_fallback\":\"\",\"maxwidth\":\"\",\"maxwidth_align\":\"center\",\"maxwidth_breakpoint\":\"\",\"visibility\":\"\",\"grid_masonry\":false,\"filter\":false,\"lightbox\":false},\"children\":[{\"type\":\"grid_item\",\"props\":{\"image\":\"\",\"content\":\"\n\n<ul>\\n\n\n<li style=\\\"text-align: justify;\\\">Accompagnez le client dans sa d\\u00e9marche d\\u2019achat<\\\/li>\\n\n\n<li style=\\\"text-align: justify;\\\">Exposez vos diff\\u00e9rents services gr\\u00e2ce \\u00e0 nos solutions<\\\/li>\\n\n\n<li style=\\\"text-align: justify;\\\">Consultez vos places restantes en temps r\\u00e9el<\\\/li>\\n<\\\/ul>\",\"title\":\"Un accompagnement sur mesure de vos demandes\",\"icon\":\"phone\"}},{\"type\":\"grid_item\",\"props\":{\"image\":\"\",\"title\":\"Renforcer la satisfaction et la fid\\u00e9lisation avec des services personnalis\\u00e9s\",\"content\":\"\n\n<ul>\\n\n\n<li style=\\\"text-align: justify;\\\">Proposez des solutions simple d'utilisation<\\\/li>\\n\n\n<li style=\\\"text-align: justify;\\\">Permettez d'augmenter votre visibilit\\u00e9\\u00a0<\\\/li>\\n\n\n<li style=\\\"text-align: justify;\\\">Proposez des services personnalis\\u00e9s \\u00e0 chacun de vos clients<\\\/li>\\n\n\n<li style=\\\"text-align: justify;\\\">R\\u00e9duisez le temps d'attente sur place<\\\/li>\\n<\\\/ul>\",\"icon\":\"happy\"}},{\"type\":\"grid_item\",\"props\":{\"image\":\"\",\"title\":\"Une gestion de vos projets collaboratifs innovants\",\"content\":\"\n\n<ul>\\n\n\n<li style=\\\"text-align: justify;\\\">D\\u00e9veloppez la productivit\\u00e9 de vos employ\\u00e9s au bureau<\\\/li>\\n\n\n<li style=\\\"text-align: justify;\\\">Permettez d'augmenter la demande en agence<\\\/li>\\n\n\n<li style=\\\"text-align: justify;\\\">Augmentez le travail collaboratif gr\\u00e2ce \\u00e0 nos solutions performantes.\\u00a0<\\\/li>\\n<\\\/ul>\",\"icon\":\"users\"}}]}]}]}]},{\"type\":\"section\",\"props\":{\"style\":\"muted\",\"width\":\"default\",\"vertical_align\":\"middle\",\"title_position\":\"top-left\",\"title_rotation\":\"left\",\"title_breakpoint\":\"xl\",\"image_position\":\"center-center\",\"text_color\":\"\",\"width_expand\":\"\",\"height\":\"\",\"padding\":\"\",\"header_transparent\":\"\",\"animation\":\"\"},\"children\":[{\"type\":\"row\",\"props\":{\"layout\":\",\",\"breakpoint\":\"m\",\"fixed_width\":\"large\",\"gutter\":\"\",\"width\":\"\",\"width_expand\":\"\",\"height\":\"\",\"margin\":\"\"},\"children\":[{\"type\":\"column\",\"props\":{\"widths\":[\"\"],\"image_position\":\"center-center\",\"media_overlay_gradient\":\"\",\"vertical_align\":\"\",\"style\":\"\",\"text_color\":\"\",\"padding\":\"\"},\"children\":[{\"type\":\"text\",\"props\":{\"margin\":\"default\",\"column_breakpoint\":\"m\",\"text_style\":\"\",\"text_color\":\"\",\"text_size\":\"\",\"column\":\"\",\"text_align\":\"\",\"text_align_breakpoint\":\"\",\"text_align_fallback\":\"\",\"maxwidth\":\"\",\"maxwidth_align\":\"\",\"maxwidth_breakpoint\":\"\",\"animation\":\"\",\"visibility\":\"\",\"content\":\"\n\n<h3 style=\\\"text-align: center;\\\">Souhaitez-vous en savoir plus sur nos solutions et diff\\u00e9rents services ?\\u00a0<\\\/h3>\"}}]},{\"type\":\"column\",\"props\":{\"widths\":[\"\"],\"image_position\":\"center-center\",\"media_overlay_gradient\":\"\",\"vertical_align\":\"\",\"style\":\"\",\"text_color\":\"\",\"padding\":\"\"},\"children\":[{\"type\":\"button\",\"props\":{\"gutter\":\"small\",\"margin\":\"\",\"button_size\":\"\",\"text_align\":\"center\",\"text_align_breakpoint\":\"\",\"text_align_fallback\":\"\",\"maxwidth\":\"\",\"maxwidth_align\":\"\",\"maxwidth_breakpoint\":\"\",\"animation\":\"\",\"visibility\":\"\"},\"children\":[{\"type\":\"button_item\",\"props\":{\"button_style\":\"default\",\"icon_align\":\"left\",\"link_target\":\"\",\"content\":\"Contactez-nous\",\"link\":\"https:\\\/\\\/www.instore-solution.fr\\\/contact\\\/\",\"icon\":\"receiver\"}}]}]}]}]},{\"type\":\"section\",\"props\":{\"style\":\"default\",\"width\":\"default\",\"vertical_align\":\"middle\",\"title_position\":\"top-left\",\"title_rotation\":\"left\",\"title_breakpoint\":\"xl\",\"image_position\":\"center-center\",\"text_color\":\"\",\"width_expand\":\"\",\"height\":\"\",\"padding\":\"\",\"header_transparent\":\"\",\"animation\":\"\"},\"children\":[{\"type\":\"row\",\"props\":{\"layout\":\"1-1\",\"breakpoint\":\"m\",\"fixed_width\":\"large\",\"gutter\":\"\",\"width\":\"\",\"width_expand\":\"\",\"height\":\"\",\"margin\":\"\"},\"children\":[{\"type\":\"column\",\"props\":{\"widths\":[\"1-1\"],\"image_position\":\"center-center\",\"media_overlay_gradient\":\"\",\"vertical_align\":\"\",\"style\":\"\",\"text_color\":\"\",\"padding\":\"\"},\"children\":[{\"type\":\"totop\",\"props\":{\"margin\":\"default\",\"text_align\":\"\",\"text_align_breakpoint\":\"\",\"text_align_fallback\":\"\",\"maxwidth\":\"\",\"maxwidth_align\":\"\",\"maxwidth_breakpoint\":\"\",\"animation\":\"\",\"visibility\":\"\"}}]}]}]}],\"version\":\"1.19.0\",\"props\":[]} --><\/p>","protected":false},"excerpt":{"rendered":"<p>Solutions digitalesSecteur grands comptes Int\u00e9grez l&rsquo;innovation dans votre environnement Nos solutions permettent \u00e0 votre agence (banques, assurances&#8230;) ou entreprise d&rsquo;apporter de la facilit\u00e9 dans le parcours client en digitalisant votre \u00e9tablissement. InStore Solution vous apporte des solutions adapt\u00e9es \u00e0 vos diff\u00e9rents services. La technologie ouvre de nouvelles opportunit\u00e9s pour am\u00e9liorer la qualit\u00e9 de service et [&hellip;]<\/p>","protected":false},"author":1,"featured_media":0,"parent":0,"menu_order":1,"comment_status":"closed","ping_status":"closed","template":"","meta":{"_mi_skip_tracking":false,"_monsterinsights_sitenote_active":false,"_monsterinsights_sitenote_note":"","_monsterinsights_sitenote_category":0,"footnotes":""},"jetpack_sharing_enabled":true,"_links":{"self":[{"href":"https:\/\/www.instore-solution.fr\/en\/wp-json\/wp\/v2\/pages\/7125"}],"collection":[{"href":"https:\/\/www.instore-solution.fr\/en\/wp-json\/wp\/v2\/pages"}],"about":[{"href":"https:\/\/www.instore-solution.fr\/en\/wp-json\/wp\/v2\/types\/page"}],"author":[{"embeddable":true,"href":"https:\/\/www.instore-solution.fr\/en\/wp-json\/wp\/v2\/users\/1"}],"replies":[{"embeddable":true,"href":"https:\/\/www.instore-solution.fr\/en\/wp-json\/wp\/v2\/comments?post=7125"}],"version-history":[{"count":0,"href":"https:\/\/www.instore-solution.fr\/en\/wp-json\/wp\/v2\/pages\/7125\/revisions"}],"wp:attachment":[{"href":"https:\/\/www.instore-solution.fr\/en\/wp-json\/wp\/v2\/media?parent=7125"}],"curies":[{"name":"wp","href":"https:\/\/api.w.org\/{rel}","templated":true}]}}