{"id":7823,"date":"2021-08-02T14:10:15","date_gmt":"2021-08-02T12:10:15","guid":{"rendered":"https:\/\/www.instore-solution.fr\/?page_id=7823"},"modified":"2021-08-18T11:12:04","modified_gmt":"2021-08-18T09:12:04","slug":"extension-de-gamme","status":"publish","type":"page","link":"https:\/\/www.instore-solution.fr\/en\/extension-de-gamme\/","title":{"rendered":"Range extension"},"content":{"rendered":"<h1>\n<h2><span style=\"color: #ffffff;\">Range extension<\/span><\/h2>\n<\/h1>\n<h1>\n<h4 style=\"text-align: left;\"><span style=\"color: #000000;\">The ideal omnichannel tool to offer an effective range extension in your points of sale <\/span><span style=\"color: #000000;\">on terminals and mobile terminals, up to payment.<\/span><\/h4>\n<\/h1>\n<div>\n<h5 style=\"text-align: justify;\"><span style=\"color: #ee701c;\">CUSTOMER side:<\/span><\/h5>\n<p style=\"text-align: justify;\">A fun and efficient selection tool, via our interfaces connected to your product database and your web feeds, allows the customer to find the entirety of your available offer. Physical and online stocks are managed in real-time; the ergonomics and fluidity of the interface make navigation simple for an incomparable shopping experience.<\/p>\n<h5 style=\"text-align: justify;\"><span style=\"color: #ee701c;\">SELLER side:<\/span><\/h5>\n<p style=\"text-align: justify;\">It is the ultimate omnichannel tool to boost your sales and strengthen the role of teams. Salespeople have information in real time and become central again for collaborative sales with customers. Our tool fits perfectly into the sales process and can be combined with payment terminals and our lockers for a fast and secure purchase.<\/p>\n<\/div>\n<p><img decoding=\"async\" src=\"wp-content\/uploads\/Image-carre-Extension-de-gamme-InStore-Solution-Site-Internet.jpg\" alt=\"\"><br \/>\n<img decoding=\"async\" src=\"wp-content\/uploads\/Boulanger-4.png\" alt=\"\"><\/p>\n<div>\n<h4 style=\"text-align: left;\"><span style=\"color: #ff6600;\">Features:<\/span><\/h4>\n<ul>\n<li style=\"text-align: left;\">Custom interface (Horizontal \/ Vertical)<\/li>\n<li style=\"text-align: left;\">Catalog browsing, filters, sorting<\/li>\n<li style=\"text-align: left;\">Search by keyword, barcode, Qrcode ...<\/li>\n<li style=\"text-align: left;\">Product comparator<\/li>\n<li style=\"text-align: left;\">Cart \/ Order \/ Payment<\/li>\n<li style=\"text-align: left;\">Sending product sheet by email, Printing<\/li>\n<li style=\"text-align: left;\">Projection of the result on a screen wall<\/li>\n<li style=\"text-align: left;\">Call a salesperson<\/li>\n<li style=\"text-align: left;\">Detailed statistics<\/li>\n<li style=\"text-align: left;\">Dynamic display mode included<\/li>\n<\/ul>\n<\/div>\n<hr>\n<p><video src=\"http:\/\/www.instore-solution.fr\/wp-content\/uploads\/2021-06-CDiscount-extension-de-gamme-avec-musique-de-fond.mp4\" poster=\"\"><\/p>\n<hr>\n<div>\n<h4><span style=\"color: #ee701c;\">QUICK RETURN ON INVESTMENT:<\/span><\/h4>\n<ul>\n<li>\u00a0An incredible transformation rate: more than 30 % of turnover on average in the Electro \/ Multimedia department<\/li>\n<li>\u00a0The possibility of offering up sale and cross-sale<\/li>\n<li>Improved customer loyalty and service thanks to the multiplication of ordering and delivery methods<\/li>\n<li>Strengthens the credit of the sales teams and represents a significant time saving.<\/li>\n<li>Interface with Google shopping flows and the main ERP systems.<\/li>\n<\/ul>\n<\/div>\n<p>\n    <a href=\"index.php?page_id=283\">Voir d&rsquo;autres solutions<\/a>\n<\/p>\n<p><!-- {\"type\":\"layout\",\"children\":[{\"type\":\"section\",\"props\":{\"style\":\"primary\",\"width\":\"default\",\"vertical_align\":\"middle\",\"title_position\":\"top-left\",\"title_rotation\":\"left\",\"title_breakpoint\":\"xl\",\"image_position\":\"center-center\",\"text_color\":\"\",\"width_expand\":\"\",\"height\":\"\",\"padding\":\"large\",\"header_transparent\":\"\",\"animation\":\"\",\"padding_remove_top\":false,\"image\":\"wp-content\\\/uploads\\\/Bandeau-Bornes-de-Commandes-CDiscount-site-web-InStore-Solution.jpg\"},\"children\":[{\"type\":\"row\",\"props\":{\"layout\":\"1-1\",\"breakpoint\":\"m\",\"fixed_width\":\"large\",\"gutter\":\"\",\"width\":\"\",\"width_expand\":\"\",\"height\":\"\",\"margin\":\"\"},\"children\":[{\"type\":\"column\",\"props\":{\"widths\":[\"1-1\"],\"image_position\":\"center-center\",\"media_overlay_gradient\":\"\",\"vertical_align\":\"\",\"style\":\"\",\"text_color\":\"\",\"padding\":\"\"},\"children\":[{\"type\":\"headline\",\"props\":{\"title_element\":\"h1\",\"title_style\":\"\",\"title_decoration\":\"\",\"title_color\":\"\",\"text_align\":\"\",\"text_align_breakpoint\":\"\",\"text_align_fallback\":\"\",\"maxwidth\":\"\",\"maxwidth_align\":\"\",\"maxwidth_breakpoint\":\"\",\"margin\":\"\",\"animation\":\"\",\"visibility\":\"\",\"content\":\"\n\n<h2><span style=\\\"color: #ffffff;\\\">Extension de gamme<\\\/span><\\\/h2>\"}}]}]}]},{\"type\":\"section\",\"props\":{\"style\":\"default\",\"width\":\"default\",\"vertical_align\":\"middle\",\"title_position\":\"top-left\",\"title_rotation\":\"left\",\"title_breakpoint\":\"xl\",\"image_position\":\"center-center\",\"text_color\":\"\",\"width_expand\":\"\",\"height\":\"\",\"padding\":\"\",\"header_transparent\":\"\",\"animation\":\"\",\"padding_remove_top\":false},\"children\":[{\"type\":\"row\",\"props\":{\"layout\":\"1-1\",\"breakpoint\":\"m\",\"fixed_width\":\"large\",\"gutter\":\"\",\"width\":\"\",\"width_expand\":\"\",\"height\":\"\",\"margin\":\"\"},\"children\":[{\"type\":\"column\",\"props\":{\"widths\":[\"1-1\"],\"image_position\":\"center-center\",\"media_overlay_gradient\":\"\",\"vertical_align\":\"\",\"style\":\"\",\"text_color\":\"\",\"padding\":\"\"},\"children\":[{\"type\":\"headline\",\"props\":{\"title_element\":\"h1\",\"title_style\":\"\",\"title_decoration\":\"\",\"title_color\":\"\",\"text_align\":\"\",\"text_align_breakpoint\":\"\",\"text_align_fallback\":\"\",\"maxwidth\":\"small\",\"maxwidth_align\":\"\",\"maxwidth_breakpoint\":\"\",\"margin\":\"\",\"animation\":\"\",\"visibility\":\"\",\"content\":\"\n\n<h4 style=\\\"text-align: left;\\\"><span style=\\\"color: #000000;\\\">L\\u2019outil omnicanal id\\u00e9al pour proposer une extension de gamme efficace dans vos points de ventes <\\\/span><span style=\\\"color: #000000;\\\">sur bornes et sur terminaux mobiles, jusqu\\u2019au paiement.<\\\/span><\\\/h4>\"}}]}]},{\"type\":\"row\",\"props\":{\"layout\":\",\",\"breakpoint\":\"m\",\"fixed_width\":\"small\",\"gutter\":\"\",\"width\":\"default\",\"width_expand\":\"\",\"height\":\"\",\"margin\":\"large\"},\"children\":[{\"type\":\"column\",\"props\":{\"widths\":[\"\"],\"image_position\":\"center-center\",\"media_overlay_gradient\":\"\",\"vertical_align\":\"\",\"style\":\"\",\"text_color\":\"\",\"padding\":\"\"},\"children\":[{\"type\":\"text\",\"props\":{\"margin\":\"\",\"column_breakpoint\":\"m\",\"text_style\":\"\",\"text_color\":\"\",\"text_size\":\"\",\"column\":\"\",\"text_align\":\"justify\",\"text_align_breakpoint\":\"\",\"text_align_fallback\":\"\",\"maxwidth\":\"\",\"maxwidth_align\":\"\",\"maxwidth_breakpoint\":\"\",\"animation\":\"\",\"visibility\":\"\",\"content\":\"\n\n<h5 style=\\\"text-align: justify;\\\"><span style=\\\"color: #ee701c;\\\">C\\u00f4t\\u00e9 CLIENT :<\\\/span><\\\/h5>\\n\n\n<p style=\\\"text-align: justify;\\\">Une aide au choix ludique et efficace, via nos interfaces connect\\u00e9es \\u00e0 votre base produits et vos flux web, permettant au client de retrouver l\\u2019int\\u00e9gralit\\u00e9 de votre offre disponible. Les stocks physiques et internet sont g\\u00e9r\\u00e9s en temps r\\u00e9el, l\\u2019ergonomie et la fluidit\\u00e9 de l\\u2019interface rend la navigation simple pour une exp\\u00e9rience shopping incomparable.<\\\/p>\\n\n\n<h5 style=\\\"text-align: justify;\\\"><span style=\\\"color: #ee701c;\\\">C\\u00f4t\\u00e9 VENDEUR :<\\\/span><\\\/h5>\\n\n\n<p style=\\\"text-align: justify;\\\">C\\u2019est l\\u2019outil omnicanal par excellence pour dynamiser vos ventes et renforcer le r\\u00f4le des \\u00e9quipes. Les vendeur(ses) disposent de l\\u2019info en temps r\\u00e9el et redeviennent centraux pour des ventes collaboratives avec les clients. Notre outil s\\u2019int\\u00e8gre parfaitement dans le parcours de vente et peut \\u00eatre coupl\\u00e9 aux terminaux de paiement et \\u00e0 nos lockers pour un achat rapide et s\\u00e9curis\\u00e9.<\\\/p>\",\"margin_remove_top\":false}}]},{\"type\":\"column\",\"props\":{\"widths\":[\"\"],\"image_position\":\"center-center\",\"media_overlay_gradient\":\"\",\"vertical_align\":\"\",\"style\":\"\",\"text_color\":\"\",\"padding\":\"\"},\"children\":[{\"type\":\"image\",\"props\":{\"margin\":\"default\",\"image_svg_color\":\"emphasis\",\"link_target\":\"\",\"image_border\":\"\",\"image_box_shadow\":\"\",\"image_hover_box_shadow\":\"\",\"image_box_decoration\":\"\",\"text_align\":\"center\",\"text_align_breakpoint\":\"\",\"text_align_fallback\":\"\",\"maxwidth\":\"\",\"maxwidth_align\":\"center\",\"maxwidth_breakpoint\":\"\",\"animation\":\"\",\"visibility\":\"\",\"image\":\"wp-content\\\/uploads\\\/Image-carre-Extension-de-gamme-InStore-Solution-Site-Internet.jpg\"}}]}]},{\"type\":\"row\",\"props\":{\"layout\":\",\",\"breakpoint\":\"m\",\"fixed_width\":\"small\",\"gutter\":\"\",\"width\":\"\",\"width_expand\":\"\",\"height\":\"\",\"margin\":\"default\"},\"children\":[{\"type\":\"column\",\"props\":{\"widths\":[\"\"],\"image_position\":\"center-center\",\"media_overlay_gradient\":\"\",\"vertical_align\":\"\",\"style\":\"\",\"text_color\":\"\",\"padding\":\"\"},\"children\":[{\"type\":\"image\",\"props\":{\"margin\":\"default\",\"image_svg_color\":\"emphasis\",\"link_target\":\"\",\"image_border\":\"\",\"image_box_shadow\":\"\",\"image_hover_box_shadow\":\"\",\"image_box_decoration\":\"\",\"text_align\":\"\",\"text_align_breakpoint\":\"\",\"text_align_fallback\":\"\",\"maxwidth\":\"\",\"maxwidth_align\":\"\",\"maxwidth_breakpoint\":\"\",\"animation\":\"\",\"visibility\":\"\",\"image\":\"wp-content\\\/uploads\\\/Boulanger-4.png\"}}]},{\"type\":\"column\",\"props\":{\"widths\":[\"\"],\"image_position\":\"center-center\",\"media_overlay_gradient\":\"\",\"vertical_align\":\"\",\"style\":\"\",\"text_color\":\"\",\"padding\":\"\"},\"children\":[{\"type\":\"text\",\"props\":{\"margin\":\"default\",\"column_breakpoint\":\"m\",\"text_style\":\"\",\"text_color\":\"\",\"text_size\":\"\",\"column\":\"\",\"text_align\":\"right\",\"text_align_breakpoint\":\"\",\"text_align_fallback\":\"\",\"maxwidth\":\"large\",\"maxwidth_align\":\"right\",\"maxwidth_breakpoint\":\"\",\"animation\":\"\",\"visibility\":\"\",\"content\":\"\n\n<h4 style=\\\"text-align: left;\\\"><span style=\\\"color: #ff6600;\\\">Fonctionnalit\\u00e9s :<\\\/span><\\\/h4>\\n\n\n<ul>\\n\n\n<li style=\\\"text-align: left;\\\">Interface personnalis\\u00e9e (Horizontale\\\/ Verticale)<\\\/li>\\n\n\n<li style=\\\"text-align: left;\\\">Parcours catalogue, filtres, tri<\\\/li>\\n\n\n<li style=\\\"text-align: left;\\\">Recherche par mot-cl\\u00e9, code-barre, Qrcode\\u2026<\\\/li>\\n\n\n<li style=\\\"text-align: left;\\\">Comparateur de produits<\\\/li>\\n\n\n<li style=\\\"text-align: left;\\\">Panier \\\/ Commande \\\/ Paiement<\\\/li>\\n\n\n<li style=\\\"text-align: left;\\\">Envoi fiche produit par mail, Impression<\\\/li>\\n\n\n<li style=\\\"text-align: left;\\\">Projection du r\\u00e9sultat sur mur d\\u2019\\u00e9crans<\\\/li>\\n\n\n<li style=\\\"text-align: left;\\\">Appel vendeur<\\\/li>\\n\n\n<li style=\\\"text-align: left;\\\">Statistiques d\\u00e9taill\\u00e9es<\\\/li>\\n\n\n<li style=\\\"text-align: left;\\\">Mode affichage dynamique inclus<\\\/li>\\n<\\\/ul>\"}}]}]},{\"type\":\"row\",\"props\":{\"layout\":\"1-1\",\"breakpoint\":\"m\",\"fixed_width\":\"large\",\"gutter\":\"\",\"width\":\"default\",\"width_expand\":\"\",\"height\":\"\",\"margin\":\"\"},\"children\":[{\"type\":\"column\",\"props\":{\"widths\":[\"1-1\"],\"image_position\":\"center-center\",\"media_overlay_gradient\":\"\",\"vertical_align\":\"\",\"style\":\"\",\"text_color\":\"\",\"padding\":\"\"},\"children\":[{\"type\":\"divider\",\"props\":{\"divider_element\":\"hr\",\"divider_style\":\"small\",\"divider_align\":\"center\",\"divider_align_breakpoint\":\"\",\"divider_align_fallback\":\"\",\"maxwidth\":\"\",\"maxwidth_align\":\"\",\"maxwidth_breakpoint\":\"\",\"margin\":\"xlarge\",\"animation\":\"\",\"visibility\":\"\",\"margin_remove_top\":false}}]}]},{\"type\":\"row\",\"props\":{\"layout\":\"1-1\",\"breakpoint\":\"m\",\"fixed_width\":\"large\",\"gutter\":\"\",\"width\":\"\",\"width_expand\":\"\",\"height\":\"\",\"margin\":\"\"},\"children\":[{\"type\":\"column\",\"props\":{\"widths\":[\"1-1\"],\"image_position\":\"center-center\",\"media_overlay_gradient\":\"\",\"vertical_align\":\"\",\"style\":\"\",\"text_color\":\"\",\"padding\":\"\"},\"children\":[{\"type\":\"video\",\"props\":{\"video_controls\":true,\"margin\":\"default\",\"video_autoplay\":\"inview\",\"video_box_shadow\":\"\",\"video_box_decoration\":\"\",\"text_align\":\"center\",\"text_align_breakpoint\":\"\",\"text_align_fallback\":\"\",\"maxwidth\":\"xxlarge\",\"maxwidth_align\":\"center\",\"maxwidth_breakpoint\":\"\",\"animation\":\"\",\"visibility\":\"\",\"video\":\"http:\\\/\\\/www.instore-solution.fr\\\/wp-content\\\/uploads\\\/2021-06-CDiscount-extension-de-gamme-avec-musique-de-fond.mp4\",\"video_playsinline\":true,\"video_muted\":false,\"video_loop\":true}}]}]},{\"type\":\"row\",\"props\":{\"layout\":\"1-1\",\"breakpoint\":\"m\",\"fixed_width\":\"large\",\"gutter\":\"\",\"width\":\"\",\"width_expand\":\"\",\"height\":\"\",\"margin\":\"\"},\"children\":[{\"type\":\"column\",\"props\":{\"widths\":[\"1-1\"],\"image_position\":\"center-center\",\"media_overlay_gradient\":\"\",\"vertical_align\":\"\",\"style\":\"\",\"text_color\":\"\",\"padding\":\"\"},\"children\":[{\"type\":\"divider\",\"props\":{\"divider_element\":\"hr\",\"divider_style\":\"small\",\"divider_align\":\"center\",\"divider_align_breakpoint\":\"\",\"divider_align_fallback\":\"\",\"maxwidth\":\"\",\"maxwidth_align\":\"\",\"maxwidth_breakpoint\":\"\",\"margin\":\"\",\"animation\":\"\",\"visibility\":\"\"}}]}]},{\"type\":\"row\",\"props\":{\"layout\":\"1-1\",\"breakpoint\":\"m\",\"fixed_width\":\"small\",\"gutter\":\"\",\"width\":\"\",\"width_expand\":\"\",\"height\":\"\",\"margin\":\"\"},\"children\":[{\"type\":\"column\",\"props\":{\"widths\":[\"1-1\"],\"image_position\":\"center-center\",\"media_overlay_gradient\":\"\",\"vertical_align\":\"\",\"style\":\"\",\"text_color\":\"\",\"padding\":\"\"},\"children\":[{\"type\":\"text\",\"props\":{\"margin\":\"default\",\"column_breakpoint\":\"m\",\"text_style\":\"\",\"text_color\":\"\",\"text_size\":\"\",\"column\":\"\",\"text_align\":\"\",\"text_align_breakpoint\":\"\",\"text_align_fallback\":\"\",\"maxwidth\":\"\",\"maxwidth_align\":\"\",\"maxwidth_breakpoint\":\"\",\"animation\":\"\",\"visibility\":\"\",\"content\":\"\n\n<h4><span style=\\\"color: #ee701c;\\\">RETOUR SUR INVESTISSEMENT RAPIDE :<\\\/span><\\\/h4>\\n\n\n<ul>\\n\n\n<li>\\u00a0Un taux de transformation incroyable : plus 30 % de CA en moyenne en rayon Electro\\\/Multim\\u00e9dia<\\\/li>\\n\n\n<li>\\u00a0La possibilit\\u00e9 de proposer l\\u2019up sale et le cross-sale<\\\/li>\\n\n\n<li>Fid\\u00e9lisation et service client renforc\\u00e9s gr\\u00e2ce \\u00e0 la multiplication des modes de commande et de livraison<\\\/li>\\n\n\n<li>Renforce le cr\\u00e9dit des \\u00e9quipes de vente et repr\\u00e9sente un gain de temps important.<\\\/li>\\n\n\n<li>Interface avec les flux Google shopping et les principaux ERP.<\\\/li>\\n<\\\/ul>\"}}]}]},{\"type\":\"row\",\"props\":{\"layout\":\"1-1\",\"breakpoint\":\"m\",\"fixed_width\":\"large\",\"gutter\":\"\",\"width\":\"\",\"width_expand\":\"\",\"height\":\"\",\"margin\":\"\"},\"children\":[{\"type\":\"column\",\"props\":{\"widths\":[\"1-1\"],\"image_position\":\"center-center\",\"media_overlay_gradient\":\"\",\"vertical_align\":\"\",\"style\":\"\",\"text_color\":\"\",\"padding\":\"\"},\"children\":[{\"type\":\"button\",\"props\":{\"gutter\":\"small\",\"margin\":\"default\",\"button_size\":\"\",\"text_align\":\"center\",\"text_align_breakpoint\":\"\",\"text_align_fallback\":\"\",\"maxwidth\":\"\",\"maxwidth_align\":\"\",\"maxwidth_breakpoint\":\"\",\"animation\":\"\",\"visibility\":\"\"},\"children\":[{\"type\":\"button_item\",\"props\":{\"button_style\":\"default\",\"icon_align\":\"left\",\"link_target\":\"\",\"content\":\"Voir d'autres solutions\",\"link\":\"index.php?page_id=283\"}}]}]}]}]}],\"version\":\"1.19.0\",\"props\":[]} --><\/p>","protected":false},"excerpt":{"rendered":"<p>Extension de gamme L\u2019outil omnicanal id\u00e9al pour proposer une extension de gamme efficace dans vos points de ventes sur bornes et sur terminaux mobiles, jusqu\u2019au paiement. C\u00f4t\u00e9 CLIENT : Une aide au choix ludique et efficace, via nos interfaces connect\u00e9es \u00e0 votre base produits et vos flux web, permettant au client de retrouver l\u2019int\u00e9gralit\u00e9 de [&hellip;]<\/p>","protected":false},"author":1,"featured_media":0,"parent":0,"menu_order":2,"comment_status":"closed","ping_status":"closed","template":"","meta":{"_mi_skip_tracking":false,"_monsterinsights_sitenote_active":false,"_monsterinsights_sitenote_note":"","_monsterinsights_sitenote_category":0,"footnotes":""},"jetpack_sharing_enabled":true,"_links":{"self":[{"href":"https:\/\/www.instore-solution.fr\/en\/wp-json\/wp\/v2\/pages\/7823"}],"collection":[{"href":"https:\/\/www.instore-solution.fr\/en\/wp-json\/wp\/v2\/pages"}],"about":[{"href":"https:\/\/www.instore-solution.fr\/en\/wp-json\/wp\/v2\/types\/page"}],"author":[{"embeddable":true,"href":"https:\/\/www.instore-solution.fr\/en\/wp-json\/wp\/v2\/users\/1"}],"replies":[{"embeddable":true,"href":"https:\/\/www.instore-solution.fr\/en\/wp-json\/wp\/v2\/comments?post=7823"}],"version-history":[{"count":0,"href":"https:\/\/www.instore-solution.fr\/en\/wp-json\/wp\/v2\/pages\/7823\/revisions"}],"wp:attachment":[{"href":"https:\/\/www.instore-solution.fr\/en\/wp-json\/wp\/v2\/media?parent=7823"}],"curies":[{"name":"wp","href":"https:\/\/api.w.org\/{rel}","templated":true}]}}