{"id":7871,"date":"2021-08-03T14:39:38","date_gmt":"2021-08-03T12:39:38","guid":{"rendered":"https:\/\/www.instore-solution.fr\/?page_id=7871"},"modified":"2021-08-17T16:34:50","modified_gmt":"2021-08-17T14:34:50","slug":"cabine-dessayage-connectee","status":"publish","type":"page","link":"https:\/\/www.instore-solution.fr\/en\/nos-solutions\/cabine-dessayage-connectee\/","title":{"rendered":"Connected fitting room"},"content":{"rendered":"<h1>\n<h2><span style=\"color: #ffffff;\">Connected fitting room<\/span><\/h2>\n<\/h1>\n<div>\n<h4><span style=\"color: #ee701c;\">CONNECTED FITTING ROOM<br \/><\/span><em><span style=\"color: #ee701c;\">CROSS SALE \/ UPSALE<\/span><\/em><\/h4>\n<p style=\"text-align: justify;\">Nous avons con\u00e7u une cabine d\u2019essayage connect\u00e9e (via RFID ou Gencode) et interactive. Gr\u00e2ce \u00e0 son \u00e9cran tactile et ses capteurs int\u00e9gr\u00e9s, les clients n&rsquo;ont plus \u00e0 sortir de la cabine pour essayer un nouvel article. Si le produit essay\u00e9 ne convient pas, ils ont la possibilit\u00e9 de demander \u00e0 un(e) conseiller(\u00e8re) de vente une autre taille, un autre coloris ou un autre produit. De plus, la borne affiche l&rsquo;\u00e9volution de la demande au fur et \u00e0 mesure de sa prise en charge. Le (la) conseiller(\u00e8re) re\u00e7oit de son c\u00f4t\u00e9 une notification sur une borne centrale ou directement sur son PDA. L&rsquo;application indique \u00e9galement si le produit est en stock, ou, dans le cas contraire, sugg\u00e8re des produits alternatifs \u00e0 proposer au shopper.<\/p>\n<\/div>\n<p><img decoding=\"async\" src=\"wp-content\/uploads\/Image-carre-cabine-dessayage-connectee-InStore-Solution-Site-Internet.jpg\" alt=\"\"><br \/>\n<img decoding=\"async\" src=\"wp-content\/uploads\/Image-carre-cabine-dessayage-conectee-1-InStore-Solution-Site-Internet.jpg\" alt=\"\"><\/p>\n<h1>\n<h4><span style=\"color: #ef7000;\">ADVANTAGES OF THE SOLUTION<\/span><\/h4>\n<\/h1>\n<div>\n<ul>\n<li>\u00a0Une diminution de la file d&rsquo;attente et du temps d&rsquo;utilisation de la cabine<\/li>\n<li style=\"text-align: justify;\">Un catalogue de produits \u00e9tendu gr\u00e2ce \u00e0 l&rsquo;offre en ligne propos\u00e9e en cabine\u00a0<\/li>\n<li style=\"text-align: justify;\">Highlighting the Upsale and the cross-sale<\/li>\n<li style=\"text-align: justify;\">Une exp\u00e9rience client innovante rendant l&rsquo;essayage interactif et ludique en<br \/>reducing irritants associated with fitting.<\/li>\n<li style=\"text-align: justify;\">Better control of shrinkage<\/li>\n<\/ul>\n<\/div>\n<hr>\n<p><video src=\"http:\/\/www.instore-solution.fr\/wp-content\/uploads\/2021-06-Auchan-Cabine-d-essayage-connectee-avec-musique-de-fond.mp4\" poster=\"\"><\/p>\n<hr>\n<p>\n    <a href=\"index.php?page_id=283\">Voir d&rsquo;autres solutions<\/a>\n<\/p>\n<p><!-- {\"type\":\"layout\",\"children\":[{\"type\":\"section\",\"props\":{\"style\":\"primary\",\"width\":\"default\",\"vertical_align\":\"middle\",\"title_position\":\"top-left\",\"title_rotation\":\"left\",\"title_breakpoint\":\"xl\",\"image_position\":\"center-center\",\"text_color\":\"\",\"width_expand\":\"\",\"height\":\"\",\"padding\":\"large\",\"header_transparent\":\"\",\"animation\":\"\",\"padding_remove_top\":false,\"image\":\"wp-content\\\/uploads\\\/bandeau-cabine-dessayage-conectee-.jpg\"},\"children\":[{\"type\":\"row\",\"props\":{\"layout\":\"1-1\",\"breakpoint\":\"m\",\"fixed_width\":\"large\",\"gutter\":\"\",\"width\":\"\",\"width_expand\":\"\",\"height\":\"\",\"margin\":\"\"},\"children\":[{\"type\":\"column\",\"props\":{\"widths\":[\"1-1\"],\"image_position\":\"center-center\",\"media_overlay_gradient\":\"\",\"vertical_align\":\"\",\"style\":\"\",\"text_color\":\"\",\"padding\":\"\"},\"children\":[{\"type\":\"headline\",\"props\":{\"title_element\":\"h1\",\"title_style\":\"\",\"title_decoration\":\"\",\"title_color\":\"\",\"text_align\":\"\",\"text_align_breakpoint\":\"\",\"text_align_fallback\":\"\",\"maxwidth\":\"\",\"maxwidth_align\":\"\",\"maxwidth_breakpoint\":\"\",\"margin\":\"\",\"animation\":\"\",\"visibility\":\"\",\"content\":\"\n\n<h2><span style=\\\"color: #ffffff;\\\">Cabine d'essayage connect\\u00e9e<\\\/span><\\\/h2>\"}}]}]}]},{\"type\":\"section\",\"props\":{\"style\":\"default\",\"width\":\"default\",\"vertical_align\":\"middle\",\"title_position\":\"top-left\",\"title_rotation\":\"left\",\"title_breakpoint\":\"xl\",\"image_position\":\"center-center\",\"text_color\":\"\",\"width_expand\":\"\",\"height\":\"\",\"padding\":\"\",\"header_transparent\":\"\",\"animation\":\"\",\"padding_remove_top\":false},\"children\":[{\"type\":\"row\",\"props\":{\"layout\":\",\",\"breakpoint\":\"m\",\"fixed_width\":\"auto\",\"gutter\":\"\",\"width\":\"\",\"width_expand\":\"\",\"height\":\"\",\"margin\":\"\"},\"children\":[{\"type\":\"column\",\"props\":{\"widths\":[\"\"],\"image_position\":\"center-center\",\"media_overlay_gradient\":\"\",\"vertical_align\":\"\",\"style\":\"\",\"text_color\":\"\",\"padding\":\"\"},\"children\":[{\"type\":\"text\",\"props\":{\"margin\":\"default\",\"column_breakpoint\":\"m\",\"text_style\":\"\",\"text_color\":\"\",\"text_size\":\"\",\"column\":\"\",\"text_align\":\"justify\",\"text_align_breakpoint\":\"\",\"text_align_fallback\":\"\",\"maxwidth\":\"\",\"maxwidth_align\":\"\",\"maxwidth_breakpoint\":\"\",\"animation\":\"\",\"visibility\":\"\",\"content\":\"\n\n<h4><span style=\\\"color: #ee701c;\\\">CABINE D\\u2019ESSAYAGE CONNECT\\u00c9E<br \\\/><\\\/span><em><span style=\\\"color: #ee701c;\\\">CROSS SALE \\\/ UPSALE<\\\/span><\\\/em><\\\/h4>\\n\n\n<p style=\\\"text-align: justify;\\\">Nous avons con\\u00e7u une cabine d\\u2019essayage connect\\u00e9e (via RFID ou Gencode) et interactive. Gr\\u00e2ce \\u00e0 son \\u00e9cran tactile et ses capteurs int\\u00e9gr\\u00e9s, les clients n'ont plus \\u00e0 sortir de la cabine pour essayer un nouvel article. Si le produit essay\\u00e9 ne convient pas, ils ont la possibilit\\u00e9 de demander \\u00e0 un(e) conseiller(\\u00e8re) de vente une autre taille, un autre coloris ou un autre produit. De plus, la borne affiche l'\\u00e9volution de la demande au fur et \\u00e0 mesure de sa prise en charge. Le (la) conseiller(\\u00e8re) re\\u00e7oit de son c\\u00f4t\\u00e9 une notification sur une borne centrale ou directement sur son PDA. L'application indique \\u00e9galement si le produit est en stock, ou, dans le cas contraire, sugg\\u00e8re des produits alternatifs \\u00e0 proposer au shopper.<\\\/p>\"}}]},{\"type\":\"column\",\"props\":{\"widths\":[\"\"],\"image_position\":\"center-center\",\"media_overlay_gradient\":\"\",\"vertical_align\":\"\",\"style\":\"\",\"text_color\":\"\",\"padding\":\"\"},\"children\":[{\"type\":\"image\",\"props\":{\"margin\":\"default\",\"image_svg_color\":\"emphasis\",\"link_target\":\"\",\"image_border\":\"\",\"image_box_shadow\":\"\",\"image_hover_box_shadow\":\"\",\"image_box_decoration\":\"\",\"text_align\":\"center\",\"text_align_breakpoint\":\"\",\"text_align_fallback\":\"\",\"maxwidth\":\"xlarge\",\"maxwidth_align\":\"center\",\"maxwidth_breakpoint\":\"\",\"animation\":\"\",\"visibility\":\"\",\"image\":\"wp-content\\\/uploads\\\/Image-carre-cabine-dessayage-connectee-InStore-Solution-Site-Internet.jpg\",\"image_width\":\"\"}}]}]},{\"type\":\"row\",\"props\":{\"layout\":\",\",\"breakpoint\":\"m\",\"fixed_width\":\"auto\",\"gutter\":\"\",\"width\":\"\",\"width_expand\":\"\",\"height\":\"\",\"margin\":\"large\"},\"children\":[{\"type\":\"column\",\"props\":{\"widths\":[\"\"],\"image_position\":\"center-center\",\"media_overlay_gradient\":\"\",\"vertical_align\":\"\",\"style\":\"\",\"text_color\":\"\",\"padding\":\"\"},\"children\":[{\"type\":\"image\",\"props\":{\"margin\":\"default\",\"image_svg_color\":\"emphasis\",\"link_target\":\"\",\"image_border\":\"\",\"image_box_shadow\":\"\",\"image_hover_box_shadow\":\"\",\"image_box_decoration\":\"\",\"text_align\":\"\",\"text_align_breakpoint\":\"\",\"text_align_fallback\":\"\",\"maxwidth\":\"large\",\"maxwidth_align\":\"right\",\"maxwidth_breakpoint\":\"\",\"animation\":\"\",\"visibility\":\"\",\"image\":\"wp-content\\\/uploads\\\/Image-carre-cabine-dessayage-conectee-1-InStore-Solution-Site-Internet.jpg\"}}]},{\"type\":\"column\",\"props\":{\"widths\":[\"\"],\"image_position\":\"center-center\",\"media_overlay_gradient\":\"\",\"vertical_align\":\"\",\"style\":\"\",\"text_color\":\"\",\"padding\":\"\"},\"children\":[{\"type\":\"headline\",\"props\":{\"title_element\":\"h1\",\"title_style\":\"\",\"title_decoration\":\"\",\"title_color\":\"\",\"text_align\":\"\",\"text_align_breakpoint\":\"\",\"text_align_fallback\":\"\",\"maxwidth\":\"\",\"maxwidth_align\":\"\",\"maxwidth_breakpoint\":\"\",\"margin\":\"\",\"animation\":\"\",\"visibility\":\"\",\"content\":\"\n\n<h4><span style=\\\"color: #ef7000;\\\">AVANTAGES DE LA SOLUTION<\\\/span><\\\/h4>\"}},{\"type\":\"text\",\"props\":{\"margin\":\"default\",\"column_breakpoint\":\"m\",\"text_style\":\"\",\"text_color\":\"\",\"text_size\":\"\",\"column\":\"\",\"text_align\":\"\",\"text_align_breakpoint\":\"\",\"text_align_fallback\":\"\",\"maxwidth\":\"\",\"maxwidth_align\":\"\",\"maxwidth_breakpoint\":\"\",\"animation\":\"\",\"visibility\":\"\",\"content\":\"\n\n<ul>\\n\n\n<li>\\u00a0Une diminution de la file d'attente et du temps d'utilisation de la cabine<\\\/li>\\n\n\n<li style=\\\"text-align: justify;\\\">Un catalogue de produits \\u00e9tendu gr\\u00e2ce \\u00e0 l'offre en ligne propos\\u00e9e en cabine\\u00a0<\\\/li>\\n\n\n<li style=\\\"text-align: justify;\\\">La mise en avant de l\\u2019Upsale et du cross-sale<\\\/li>\\n\n\n<li style=\\\"text-align: justify;\\\">Une exp\\u00e9rience client innovante rendant l'essayage interactif et ludique en<br \\\/>r\\u00e9duisant les irritants li\\u00e9s \\u00e0 l\\u2019essayage.<\\\/li>\\n\n\n<li style=\\\"text-align: justify;\\\">Une meilleure ma\\u00eetrise de la d\\u00e9marque inconnue<\\\/li>\\n<\\\/ul>\"}}]}]},{\"type\":\"row\",\"props\":{\"layout\":\"1-1\",\"breakpoint\":\"m\",\"fixed_width\":\"large\",\"gutter\":\"\",\"width\":\"\",\"width_expand\":\"\",\"height\":\"\",\"margin\":\"\"},\"children\":[{\"type\":\"column\",\"props\":{\"widths\":[\"1-1\"],\"image_position\":\"center-center\",\"media_overlay_gradient\":\"\",\"vertical_align\":\"\",\"style\":\"\",\"text_color\":\"\",\"padding\":\"\"},\"children\":[{\"type\":\"divider\",\"props\":{\"divider_element\":\"hr\",\"divider_style\":\"small\",\"divider_align\":\"center\",\"divider_align_breakpoint\":\"\",\"divider_align_fallback\":\"\",\"maxwidth\":\"\",\"maxwidth_align\":\"\",\"maxwidth_breakpoint\":\"\",\"margin\":\"\",\"animation\":\"\",\"visibility\":\"\"}}]}]},{\"type\":\"row\",\"props\":{\"layout\":\"1-1\",\"breakpoint\":\"m\",\"fixed_width\":\"xlarge\",\"gutter\":\"\",\"width\":\"\",\"width_expand\":\"\",\"height\":\"\",\"margin\":\"\"},\"children\":[{\"type\":\"column\",\"props\":{\"widths\":[\"1-1\"],\"image_position\":\"center-center\",\"media_overlay_gradient\":\"\",\"vertical_align\":\"\",\"style\":\"\",\"text_color\":\"\",\"padding\":\"\"},\"children\":[{\"type\":\"video\",\"props\":{\"video_controls\":true,\"margin\":\"default\",\"video_autoplay\":true,\"video_box_shadow\":\"\",\"video_box_decoration\":\"\",\"text_align\":\"center\",\"text_align_breakpoint\":\"\",\"text_align_fallback\":\"\",\"maxwidth\":\"xxlarge\",\"maxwidth_align\":\"center\",\"maxwidth_breakpoint\":\"\",\"animation\":\"\",\"visibility\":\"\",\"video\":\"http:\\\/\\\/www.instore-solution.fr\\\/wp-content\\\/uploads\\\/2021-06-Auchan-Cabine-d-essayage-connectee-avec-musique-de-fond.mp4\",\"video_playsinline\":true,\"video_muted\":false,\"video_loop\":true}}]}]},{\"type\":\"row\",\"props\":{\"layout\":\"1-1\",\"breakpoint\":\"m\",\"fixed_width\":\"large\",\"gutter\":\"\",\"width\":\"\",\"width_expand\":\"\",\"height\":\"\",\"margin\":\"\"},\"children\":[{\"type\":\"column\",\"props\":{\"widths\":[\"1-1\"],\"image_position\":\"center-center\",\"media_overlay_gradient\":\"\",\"vertical_align\":\"\",\"style\":\"\",\"text_color\":\"\",\"padding\":\"\"},\"children\":[{\"type\":\"divider\",\"props\":{\"divider_element\":\"hr\",\"divider_style\":\"small\",\"divider_align\":\"center\",\"divider_align_breakpoint\":\"\",\"divider_align_fallback\":\"\",\"maxwidth\":\"\",\"maxwidth_align\":\"\",\"maxwidth_breakpoint\":\"\",\"margin\":\"\",\"animation\":\"\",\"visibility\":\"\"}}]}]},{\"type\":\"row\",\"props\":{\"layout\":\"1-1\",\"breakpoint\":\"m\",\"fixed_width\":\"large\",\"gutter\":\"\",\"width\":\"\",\"width_expand\":\"\",\"height\":\"\",\"margin\":\"\"},\"children\":[{\"type\":\"column\",\"props\":{\"widths\":[\"1-1\"],\"image_position\":\"center-center\",\"media_overlay_gradient\":\"\",\"vertical_align\":\"\",\"style\":\"\",\"text_color\":\"\",\"padding\":\"\"},\"children\":[{\"type\":\"button\",\"props\":{\"gutter\":\"small\",\"margin\":\"default\",\"button_size\":\"\",\"text_align\":\"center\",\"text_align_breakpoint\":\"\",\"text_align_fallback\":\"\",\"maxwidth\":\"\",\"maxwidth_align\":\"\",\"maxwidth_breakpoint\":\"\",\"animation\":\"\",\"visibility\":\"\"},\"children\":[{\"type\":\"button_item\",\"props\":{\"button_style\":\"default\",\"icon_align\":\"left\",\"link_target\":\"\",\"content\":\"Voir d'autres solutions\",\"link\":\"index.php?page_id=283\"}}]}]}]}]}],\"version\":\"1.19.0\",\"props\":[]} --><\/p>","protected":false},"excerpt":{"rendered":"<p>Cabine d&rsquo;essayage connect\u00e9e CABINE D\u2019ESSAYAGE CONNECT\u00c9ECROSS SALE \/ UPSALE Nous avons con\u00e7u une cabine d\u2019essayage connect\u00e9e (via RFID ou Gencode) et interactive. Gr\u00e2ce \u00e0 son \u00e9cran tactile et ses capteurs int\u00e9gr\u00e9s, les clients n&rsquo;ont plus \u00e0 sortir de la cabine pour essayer un nouvel article. Si le produit essay\u00e9 ne convient pas, ils ont la [&hellip;]<\/p>","protected":false},"author":1,"featured_media":0,"parent":283,"menu_order":6,"comment_status":"closed","ping_status":"closed","template":"","meta":{"_mi_skip_tracking":false,"_monsterinsights_sitenote_active":false,"_monsterinsights_sitenote_note":"","_monsterinsights_sitenote_category":0,"footnotes":""},"jetpack_sharing_enabled":true,"_links":{"self":[{"href":"https:\/\/www.instore-solution.fr\/en\/wp-json\/wp\/v2\/pages\/7871"}],"collection":[{"href":"https:\/\/www.instore-solution.fr\/en\/wp-json\/wp\/v2\/pages"}],"about":[{"href":"https:\/\/www.instore-solution.fr\/en\/wp-json\/wp\/v2\/types\/page"}],"author":[{"embeddable":true,"href":"https:\/\/www.instore-solution.fr\/en\/wp-json\/wp\/v2\/users\/1"}],"replies":[{"embeddable":true,"href":"https:\/\/www.instore-solution.fr\/en\/wp-json\/wp\/v2\/comments?post=7871"}],"version-history":[{"count":0,"href":"https:\/\/www.instore-solution.fr\/en\/wp-json\/wp\/v2\/pages\/7871\/revisions"}],"up":[{"embeddable":true,"href":"https:\/\/www.instore-solution.fr\/en\/wp-json\/wp\/v2\/pages\/283"}],"wp:attachment":[{"href":"https:\/\/www.instore-solution.fr\/en\/wp-json\/wp\/v2\/media?parent=7871"}],"curies":[{"name":"wp","href":"https:\/\/api.w.org\/{rel}","templated":true}]}}