{"id":7892,"date":"2021-08-04T15:13:56","date_gmt":"2021-08-04T13:13:56","guid":{"rendered":"https:\/\/www.instore-solution.fr\/?page_id=7892"},"modified":"2021-08-17T15:53:03","modified_gmt":"2021-08-17T13:53:03","slug":"comparateur-interactif","status":"publish","type":"page","link":"https:\/\/www.instore-solution.fr\/en\/comparateur-interactif\/","title":{"rendered":"Interactive comparator"},"content":{"rendered":"<h1>\n<h2><span style=\"color: #ffffff;\">Interactive comparator<\/span><\/h2>\n<\/h1>\n<h1>\n<h4><span style=\"color: #ff6600;\"><b>10 INNOVATIVE TECHNOLOGIES FOR A UNIQUE CUSTOMER EXPERIENCE<\/b><\/span><\/h4>\n<\/h1>\n<div>\n<p style=\"text-align: justify;\">Nos applications ergonomiques fonctionnent avec diff\u00e9rents syst\u00e8mes de d\u00e9tection ou un syst\u00e8me de questions simples destin\u00e9es \u00e0 orienter le client dans son choix en 3 clics. Une fois les crit\u00e8res formul\u00e9s ou le produit pris en main, l&rsquo;application met en avant les produits correspondants via nos diff\u00e9rentes technologies.<\/p>\n<p style=\"text-align: justify;\">An online platform allows you to manage product data, add or modify content at any time and obtain statistical feedback on the use of the solution.<\/p>\n<\/div>\n<p><img decoding=\"async\" src=\"wp-content\/uploads\/Image-carre-comparateur-interatcif-InStore-Solution-Site-Internet.jpg\" alt=\"\"><\/p>\n<hr>\n<p><img decoding=\"async\" src=\"wp-content\/uploads\/4.jpg\" alt=\"\"><\/p>\n<div>\n<h5>LUMINOUS CHOICE HELP<\/h5>\n<p>Cette solution offre une pr\u00e9sentation en libre-toucher des articles tout en aidant le consommateur dans son choix. En effet, gr\u00e2ce \u00e0 une borne questionnant l&rsquo;utilisateur sur ce qu&rsquo;il recherche, un signal lumineux apparait sous chaque produit correspondant aux crit\u00e8res souhait\u00e9s.<\/p>\n<\/div>\n<div>\n<h5>TAKE AND WATCH<\/h5>\n<p>Cette solution est un dispositif interactif, alliant le physique et le digital. Il permet de comparer simultan\u00e9ment plusieurs produits s\u00e9curis\u00e9s en les prenant en main, d\u00e9clenchant alors l&rsquo;apparition de leurs sp\u00e9cificit\u00e9s propres sur l\u2019\u00e9cran, gr\u00e2ce \u00e0 des capteurs.<\/p>\n<\/div>\n<p><img decoding=\"async\" src=\"wp-content\/uploads\/Aide-au-choix-lumineuse.jpg\" alt=\"\"><br \/>\n<img decoding=\"async\" src=\"wp-content\/uploads\/audio-1.jpg\" alt=\"\"><\/p>\n<div>\n<h5>AUDIO COMPARATOR<\/h5>\n<p>The audio comparator offers the shopper the ability to compare the sounds of several speakers at the same time in order to be able to assess their differences in sound quality. By pressing a single button dedicated to each device, the customer listens to it. He can also do the same for all similar articles that interests him, without interrupting the content broadcast.<\/p>\n<\/div>\n<hr>\n<div>\n<h5><strong>RESULTS :<\/strong><\/h5>\n<ul>\n<li>Display on screen or terminal<\/li>\n<li>Product or shelf lighting<\/li>\n<li>Audio Response<\/li>\n<li>Physical animation<\/li>\n<li>\u00a0Distribution (coupons, sample, etc.)<\/li>\n<\/ul>\n<\/div>\n<div>\n<h5>CAPTATION:\u00a0<\/h5>\n<ul>\n<li>\u00a0Click on touch screen<\/li>\n<li>\u00a0Voice command<\/li>\n<li>Getting to grips with the object<\/li>\n<li>RFID sensor<\/li>\n<li>Motion detector<\/li>\n<li>Proximity sensor<\/li>\n<li>Buttons<\/li>\n<li>Anti-theft system<\/li>\n<\/ul>\n<\/div>\n<div>\n<h5>ADVANTAGES OF THE SOLUTION<\/h5>\n<ul>\n<li>\u00a0Interactive and fun choice assistance for the customer, who can thus compare several products and choose more easily.<\/li>\n<li>Better access to product information and characteristics<\/li>\n<li>An ergonomic and easy-to-use management tool<\/li>\n<li>Customizable solutions according to projects and needs<\/li>\n<\/ul>\n<\/div>\n<hr>\n<p><video src=\"http:\/\/www.instore-solution.fr\/wp-content\/uploads\/Hachettes-vins-Aide-au-choix-version-Ex-Magina-avec-musique.mp4\" poster=\"\"><\/p>\n<hr>\n<p><!-- {\"type\":\"layout\",\"children\":[{\"type\":\"section\",\"props\":{\"style\":\"default\",\"width\":\"large\",\"vertical_align\":\"middle\",\"title_position\":\"top-left\",\"title_rotation\":\"left\",\"title_breakpoint\":\"xl\",\"image_position\":\"center-center\",\"text_color\":\"\",\"width_expand\":\"\",\"height\":\"expand\",\"padding\":\"large\",\"header_transparent\":\"\",\"animation\":\"\",\"image\":\"wp-content\\\/uploads\\\/Bandeau-comparateur-interactif-site-web-InStore-Solution.jpg\"},\"children\":[{\"type\":\"row\",\"props\":{\"layout\":\"1-1\",\"breakpoint\":\"m\",\"fixed_width\":\"large\",\"gutter\":\"\",\"width\":\"\",\"width_expand\":\"\",\"height\":\"\",\"margin\":\"\"},\"children\":[{\"type\":\"column\",\"props\":{\"widths\":[\"1-1\"],\"image_position\":\"center-center\",\"media_overlay_gradient\":\"\",\"vertical_align\":\"\",\"style\":\"\",\"text_color\":\"\",\"padding\":\"\"},\"children\":[{\"type\":\"headline\",\"props\":{\"title_element\":\"h1\",\"title_style\":\"\",\"title_decoration\":\"\",\"title_color\":\"\",\"text_align\":\"\",\"text_align_breakpoint\":\"\",\"text_align_fallback\":\"\",\"maxwidth\":\"small\",\"maxwidth_align\":\"\",\"maxwidth_breakpoint\":\"\",\"margin\":\"\",\"animation\":\"\",\"visibility\":\"\",\"content\":\"\n\n<h2><span style=\\\"color: #ffffff;\\\">Comparateur interactif<\\\/span><\\\/h2>\"}}]}]}]},{\"type\":\"section\",\"props\":{\"style\":\"default\",\"width\":\"default\",\"vertical_align\":\"middle\",\"title_position\":\"top-left\",\"title_rotation\":\"left\",\"title_breakpoint\":\"xl\",\"image_position\":\"center-center\",\"text_color\":\"\",\"width_expand\":\"\",\"height\":\"\",\"padding\":\"\",\"header_transparent\":\"\",\"animation\":\"\"},\"children\":[{\"type\":\"row\",\"props\":{\"layout\":\",\",\"breakpoint\":\"m\",\"fixed_width\":\"large\",\"gutter\":\"\",\"width\":\"\",\"width_expand\":\"\",\"height\":\"\",\"margin\":\"xlarge\"},\"children\":[{\"type\":\"column\",\"props\":{\"widths\":[\"\"],\"image_position\":\"center-center\",\"media_overlay_gradient\":\"\",\"vertical_align\":\"\",\"style\":\"\",\"text_color\":\"\",\"padding\":\"\"},\"children\":[{\"type\":\"headline\",\"props\":{\"title_element\":\"h1\",\"title_style\":\"\",\"title_decoration\":\"\",\"title_color\":\"\",\"text_align\":\"left\",\"text_align_breakpoint\":\"\",\"text_align_fallback\":\"\",\"maxwidth\":\"small\",\"maxwidth_align\":\"\",\"maxwidth_breakpoint\":\"\",\"margin\":\"medium\",\"animation\":\"\",\"visibility\":\"\",\"content\":\"\n\n<h4><span style=\\\"color: #ff6600;\\\"><b>10 TECHNOLOGIES INNOVANTES POUR UNE EXPERIENCE CLIENT INEDITE<\\\/b><\\\/span><\\\/h4>\",\"margin_remove_top\":false}},{\"type\":\"text\",\"props\":{\"margin\":\"default\",\"column_breakpoint\":\"m\",\"text_style\":\"\",\"text_color\":\"\",\"text_size\":\"\",\"column\":\"\",\"text_align\":\"\",\"text_align_breakpoint\":\"\",\"text_align_fallback\":\"\",\"maxwidth\":\"\",\"maxwidth_align\":\"\",\"maxwidth_breakpoint\":\"\",\"animation\":\"\",\"visibility\":\"\",\"content\":\"\n\n<p style=\\\"text-align: justify;\\\">Nos applications ergonomiques fonctionnent avec diff\\u00e9rents syst\\u00e8mes de d\\u00e9tection ou un syst\\u00e8me de questions simples destin\\u00e9es \\u00e0 orienter le client dans son choix en 3 clics. Une fois les crit\\u00e8res formul\\u00e9s ou le produit pris en main, l'application met en avant les produits correspondants via nos diff\\u00e9rentes technologies.<\\\/p>\\n\n\n<p style=\\\"text-align: justify;\\\">Une plateforme en ligne vous permet de g\\u00e9rer les donn\\u00e9es des produits, d\\u2019ajouter ou de modifier des contenus \\u00e0 tout moment et d\\u2019obtenir des retours statistiques sur l\\u2019utilisation de la solution.<\\\/p>\"}}]},{\"type\":\"column\",\"props\":{\"widths\":[\"\"],\"image_position\":\"center-center\",\"media_overlay_gradient\":\"\",\"vertical_align\":\"\",\"style\":\"\",\"text_color\":\"\",\"padding\":\"\"},\"children\":[{\"type\":\"image\",\"props\":{\"margin\":\"default\",\"image_svg_color\":\"emphasis\",\"link_target\":\"\",\"image_border\":\"\",\"image_box_shadow\":\"\",\"image_hover_box_shadow\":\"\",\"image_box_decoration\":\"\",\"text_align\":\"\",\"text_align_breakpoint\":\"\",\"text_align_fallback\":\"\",\"maxwidth\":\"medium\",\"maxwidth_align\":\"center\",\"maxwidth_breakpoint\":\"\",\"animation\":\"\",\"visibility\":\"\",\"image\":\"wp-content\\\/uploads\\\/Image-carre-comparateur-interatcif-InStore-Solution-Site-Internet.jpg\"}}]}]},{\"type\":\"row\",\"props\":{\"layout\":\"1-1\",\"breakpoint\":\"m\",\"fixed_width\":\"large\",\"gutter\":\"\",\"width\":\"\",\"width_expand\":\"\",\"height\":\"\",\"margin\":\"\"},\"children\":[{\"type\":\"column\",\"props\":{\"widths\":[\"1-1\"],\"image_position\":\"center-center\",\"media_overlay_gradient\":\"\",\"vertical_align\":\"\",\"style\":\"\",\"text_color\":\"\",\"padding\":\"\"},\"children\":[{\"type\":\"divider\",\"props\":{\"divider_element\":\"hr\",\"divider_style\":\"\",\"divider_align\":\"\",\"divider_align_breakpoint\":\"\",\"divider_align_fallback\":\"\",\"maxwidth\":\"medium\",\"maxwidth_align\":\"\",\"maxwidth_breakpoint\":\"\",\"margin\":\"small\",\"animation\":\"\",\"visibility\":\"\"}}]}]},{\"type\":\"row\",\"props\":{\"layout\":\",\",\"breakpoint\":\"m\",\"fixed_width\":\"large\",\"gutter\":\"\",\"width\":\"\",\"width_expand\":\"\",\"height\":\"\",\"margin\":\"large\"},\"children\":[{\"type\":\"column\",\"props\":{\"widths\":[\"\"],\"image_position\":\"center-center\",\"media_overlay_gradient\":\"\",\"vertical_align\":\"\",\"style\":\"\",\"text_color\":\"\",\"padding\":\"\"},\"children\":[{\"type\":\"image\",\"props\":{\"margin\":\"default\",\"image_svg_color\":\"emphasis\",\"link_target\":\"\",\"image_border\":\"\",\"image_box_shadow\":\"\",\"image_hover_box_shadow\":\"\",\"image_box_decoration\":\"\",\"text_align\":\"\",\"text_align_breakpoint\":\"\",\"text_align_fallback\":\"\",\"maxwidth\":\"medium\",\"maxwidth_align\":\"center\",\"maxwidth_breakpoint\":\"\",\"animation\":\"\",\"visibility\":\"\",\"image\":\"wp-content\\\/uploads\\\/4.jpg\"}}]},{\"type\":\"column\",\"props\":{\"widths\":[\"\"],\"image_position\":\"center-center\",\"media_overlay_gradient\":\"\",\"vertical_align\":\"\",\"style\":\"\",\"text_color\":\"\",\"padding\":\"\"},\"children\":[{\"type\":\"text\",\"props\":{\"margin\":\"default\",\"column_breakpoint\":\"m\",\"text_style\":\"\",\"text_color\":\"\",\"text_size\":\"\",\"column\":\"\",\"text_align\":\"\",\"text_align_breakpoint\":\"\",\"text_align_fallback\":\"\",\"maxwidth\":\"\",\"maxwidth_align\":\"\",\"maxwidth_breakpoint\":\"\",\"animation\":\"\",\"visibility\":\"\",\"content\":\"\n\n<h5>AIDE AU CHOIX LUMINEUSE<\\\/h5>\\n\n\n<p>Cette solution offre une pr\\u00e9sentation en libre-toucher des articles tout en aidant le consommateur dans son choix. En effet, gr\\u00e2ce \\u00e0 une borne questionnant l'utilisateur sur ce qu'il recherche, un signal lumineux apparait sous chaque produit correspondant aux crit\\u00e8res souhait\\u00e9s.<\\\/p>\"}}]}]},{\"type\":\"row\",\"props\":{\"layout\":\",\",\"breakpoint\":\"m\",\"fixed_width\":\"large\",\"gutter\":\"\",\"width\":\"\",\"width_expand\":\"\",\"height\":\"\",\"margin\":\"large\"},\"children\":[{\"type\":\"column\",\"props\":{\"widths\":[\"\"],\"image_position\":\"center-center\",\"media_overlay_gradient\":\"\",\"vertical_align\":\"\",\"style\":\"\",\"text_color\":\"\",\"padding\":\"\"},\"children\":[{\"type\":\"text\",\"props\":{\"margin\":\"default\",\"column_breakpoint\":\"m\",\"text_style\":\"\",\"text_color\":\"\",\"text_size\":\"\",\"column\":\"\",\"text_align\":\"\",\"text_align_breakpoint\":\"\",\"text_align_fallback\":\"\",\"maxwidth\":\"\",\"maxwidth_align\":\"\",\"maxwidth_breakpoint\":\"\",\"animation\":\"\",\"visibility\":\"\",\"content\":\"\n\n<h5>TAKE AND WATCH<\\\/h5>\\n\n\n<p>Cette solution est un dispositif interactif, alliant le physique et le digital. Il permet de comparer simultan\\u00e9ment plusieurs produits s\\u00e9curis\\u00e9s en les prenant en main, d\\u00e9clenchant alors l'apparition de leurs sp\\u00e9cificit\\u00e9s propres sur l\\u2019\\u00e9cran, gr\\u00e2ce \\u00e0 des capteurs.<\\\/p>\"}}]},{\"type\":\"column\",\"props\":{\"widths\":[\"\"],\"image_position\":\"center-center\",\"media_overlay_gradient\":\"\",\"vertical_align\":\"\",\"style\":\"\",\"text_color\":\"\",\"padding\":\"\"},\"children\":[{\"type\":\"image\",\"props\":{\"margin\":\"\",\"image_svg_color\":\"emphasis\",\"link_target\":\"\",\"image_border\":\"\",\"image_box_shadow\":\"\",\"image_hover_box_shadow\":\"\",\"image_box_decoration\":\"\",\"text_align\":\"center\",\"text_align_breakpoint\":\"\",\"text_align_fallback\":\"\",\"maxwidth\":\"medium\",\"maxwidth_align\":\"center\",\"maxwidth_breakpoint\":\"\",\"animation\":\"\",\"visibility\":\"\",\"image\":\"wp-content\\\/uploads\\\/Aide-au-choix-lumineuse.jpg\"}}]}]},{\"type\":\"row\",\"props\":{\"layout\":\",\",\"breakpoint\":\"m\",\"fixed_width\":\"large\",\"gutter\":\"\",\"width\":\"\",\"width_expand\":\"\",\"height\":\"\",\"margin\":\"\"},\"children\":[{\"type\":\"column\",\"props\":{\"widths\":[\"\"],\"image_position\":\"center-center\",\"media_overlay_gradient\":\"\",\"vertical_align\":\"\",\"style\":\"\",\"text_color\":\"\",\"padding\":\"\"},\"children\":[{\"type\":\"image\",\"props\":{\"margin\":\"default\",\"image_svg_color\":\"emphasis\",\"link_target\":\"\",\"image_border\":\"\",\"image_box_shadow\":\"\",\"image_hover_box_shadow\":\"\",\"image_box_decoration\":\"\",\"text_align\":\"center\",\"text_align_breakpoint\":\"\",\"text_align_fallback\":\"\",\"maxwidth\":\"medium\",\"maxwidth_align\":\"center\",\"maxwidth_breakpoint\":\"\",\"animation\":\"\",\"visibility\":\"\",\"image\":\"wp-content\\\/uploads\\\/audio-1.jpg\"}}]},{\"type\":\"column\",\"props\":{\"widths\":[\"\"],\"image_position\":\"center-center\",\"media_overlay_gradient\":\"\",\"vertical_align\":\"\",\"style\":\"\",\"text_color\":\"\",\"padding\":\"\"},\"children\":[{\"type\":\"text\",\"props\":{\"margin\":\"default\",\"column_breakpoint\":\"m\",\"text_style\":\"\",\"text_color\":\"\",\"text_size\":\"\",\"column\":\"\",\"text_align\":\"\",\"text_align_breakpoint\":\"\",\"text_align_fallback\":\"\",\"maxwidth\":\"\",\"maxwidth_align\":\"\",\"maxwidth_breakpoint\":\"\",\"animation\":\"\",\"visibility\":\"\",\"content\":\"\n\n<h5>COMPARATEUR AUDIO<\\\/h5>\\n\n\n<p>Le comparateur audio propose au shopper de confronter en m\\u00eame temps les sons de plusieurs enceintes pour pouvoir \\u00e9valuer leurs diff\\u00e9rences de qualit\\u00e9 sonore. En appuyant sur un simple bouton d\\u00e9di\\u00e9 \\u00e0 chaque appareil, le client met celui-ci en \\u00e9coute. Il peut \\u00e9galement faire de m\\u00eame pour tous les articles similaires qui l\\u2019int\\u00e9resse, sans interruption du contenu diffus\\u00e9.<\\\/p>\"}}]}]},{\"type\":\"row\",\"props\":{\"layout\":\"1-1\",\"breakpoint\":\"m\",\"fixed_width\":\"large\",\"gutter\":\"small\",\"width\":\"\",\"width_expand\":\"\",\"height\":\"\",\"margin\":\"\",\"margin_remove_top\":true},\"children\":[{\"type\":\"column\",\"props\":{\"widths\":[\"1-1\"],\"image_position\":\"center-center\",\"media_overlay_gradient\":\"\",\"vertical_align\":\"\",\"style\":\"\",\"text_color\":\"\",\"padding\":\"\"},\"children\":[{\"type\":\"divider\",\"props\":{\"divider_element\":\"hr\",\"divider_style\":\"\",\"divider_align\":\"\",\"divider_align_breakpoint\":\"\",\"divider_align_fallback\":\"\",\"maxwidth\":\"medium\",\"maxwidth_align\":\"\",\"maxwidth_breakpoint\":\"\",\"margin\":\"\",\"animation\":\"\",\"visibility\":\"\"}}]}]}]},{\"type\":\"section\",\"props\":{\"style\":\"default\",\"width\":\"default\",\"vertical_align\":\"middle\",\"title_position\":\"top-left\",\"title_rotation\":\"left\",\"title_breakpoint\":\"xl\",\"image_position\":\"center-center\",\"text_color\":\"\",\"width_expand\":\"\",\"height\":\"\",\"padding\":\"\",\"header_transparent\":\"\",\"animation\":\"\"},\"children\":[{\"type\":\"row\",\"props\":{\"layout\":\",,\",\"breakpoint\":\"m\",\"fixed_width\":\"large\",\"gutter\":\"\",\"width\":\"\",\"width_expand\":\"\",\"height\":\"\",\"margin\":\"\"},\"children\":[{\"type\":\"column\",\"props\":{\"widths\":[\"\"],\"image_position\":\"center-center\",\"media_overlay_gradient\":\"\",\"vertical_align\":\"\",\"style\":\"\",\"text_color\":\"\",\"padding\":\"\"},\"children\":[{\"type\":\"text\",\"props\":{\"margin\":\"default\",\"column_breakpoint\":\"m\",\"text_style\":\"\",\"text_color\":\"\",\"text_size\":\"\",\"column\":\"\",\"text_align\":\"\",\"text_align_breakpoint\":\"\",\"text_align_fallback\":\"\",\"maxwidth\":\"\",\"maxwidth_align\":\"\",\"maxwidth_breakpoint\":\"\",\"animation\":\"\",\"visibility\":\"\",\"content\":\"\n\n<h5><strong>RESULTAT :<\\\/strong><\\\/h5>\\n\n\n<ul>\\n\n\n<li>Affichage sur \\u00e9cran ou borne<\\\/li>\\n\n\n<li>Eclairage du produit ou du lin\\u00e9aire<\\\/li>\\n\n\n<li>R\\u00e9ponse Audio<\\\/li>\\n\n\n<li>Animation physique<\\\/li>\\n\n\n<li>\\u00a0Distribution (coupons, \\u00e9chantillon\\u2026)<\\\/li>\\n<\\\/ul>\"}}]},{\"type\":\"column\",\"props\":{\"widths\":[\"\"],\"image_position\":\"center-center\",\"media_overlay_gradient\":\"\",\"vertical_align\":\"\",\"style\":\"\",\"text_color\":\"\",\"padding\":\"\"},\"children\":[{\"type\":\"text\",\"props\":{\"margin\":\"default\",\"column_breakpoint\":\"m\",\"text_style\":\"\",\"text_color\":\"\",\"text_size\":\"\",\"column\":\"\",\"text_align\":\"\",\"text_align_breakpoint\":\"\",\"text_align_fallback\":\"\",\"maxwidth\":\"\",\"maxwidth_align\":\"\",\"maxwidth_breakpoint\":\"\",\"animation\":\"\",\"visibility\":\"\",\"content\":\"\n\n<h5>CAPTATION :\\u00a0<\\\/h5>\\n\n\n<ul>\\n\n\n<li>\\u00a0Clic sur \\u00e9cran tactile<\\\/li>\\n\n\n<li>\\u00a0Commande vocale<\\\/li>\\n\n\n<li>Prise en main de l\\u2019objet<\\\/li>\\n\n\n<li>Capteur RFID<\\\/li>\\n\n\n<li>D\\u00e9tecteur de mouvements<\\\/li>\\n\n\n<li>D\\u00e9tecteur de proximit\\u00e9<\\\/li>\\n\n\n<li>Boutons<\\\/li>\\n\n\n<li>Syst\\u00e8me antivol<\\\/li>\\n<\\\/ul>\"}}]},{\"type\":\"column\",\"props\":{\"widths\":[\"\"],\"image_position\":\"center-center\",\"media_overlay_gradient\":\"\",\"vertical_align\":\"\",\"style\":\"\",\"text_color\":\"\",\"padding\":\"\"},\"children\":[{\"type\":\"text\",\"props\":{\"margin\":\"default\",\"column_breakpoint\":\"m\",\"text_style\":\"\",\"text_color\":\"\",\"text_size\":\"\",\"column\":\"\",\"text_align\":\"\",\"text_align_breakpoint\":\"\",\"text_align_fallback\":\"\",\"maxwidth\":\"\",\"maxwidth_align\":\"\",\"maxwidth_breakpoint\":\"\",\"animation\":\"\",\"visibility\":\"\",\"content\":\"\n\n<h5>AVANTAGES DE LA SOLUTION<\\\/h5>\\n\n\n<ul>\\n\n\n<li>\\u00a0Des dispositifs d\\u2019aide au choix interactifs et ludiques pour le client qui peut ainsi comparer plusieurs produits et choisir plus facilement.<\\\/li>\\n\n\n<li>Un meilleur acc\\u00e8s aux informations et caract\\u00e9ristiques des produits<\\\/li>\\n\n\n<li>Un outil de pilotage ergonomique et simple d\\u2019utilisation<\\\/li>\\n\n\n<li>Des solutions customisable en fonction des projets et des besoins<\\\/li>\\n<\\\/ul>\"}}]}]}]},{\"type\":\"section\",\"props\":{\"style\":\"default\",\"width\":\"default\",\"vertical_align\":\"middle\",\"title_position\":\"top-left\",\"title_rotation\":\"left\",\"title_breakpoint\":\"xl\",\"image_position\":\"center-center\",\"text_color\":\"\",\"width_expand\":\"\",\"height\":\"\",\"padding\":\"\",\"header_transparent\":\"\",\"animation\":\"\",\"padding_remove_top\":true},\"children\":[{\"type\":\"row\",\"props\":{\"layout\":\"1-1\",\"breakpoint\":\"m\",\"fixed_width\":\"large\",\"gutter\":\"\",\"width\":\"\",\"width_expand\":\"\",\"height\":\"\",\"margin\":\"\"},\"children\":[{\"type\":\"column\",\"props\":{\"widths\":[\"1-1\"],\"image_position\":\"center-center\",\"media_overlay_gradient\":\"\",\"vertical_align\":\"\",\"style\":\"\",\"text_color\":\"\",\"padding\":\"\"},\"children\":[{\"type\":\"divider\",\"props\":{\"divider_element\":\"hr\",\"divider_style\":\"\",\"divider_align\":\"\",\"divider_align_breakpoint\":\"\",\"divider_align_fallback\":\"\",\"maxwidth\":\"small\",\"maxwidth_align\":\"center\",\"maxwidth_breakpoint\":\"\",\"margin\":\"\",\"animation\":\"\",\"visibility\":\"\"}},{\"type\":\"video\",\"props\":{\"video_controls\":true,\"margin\":\"default\",\"video_autoplay\":\"\",\"video_box_shadow\":\"\",\"video_box_decoration\":\"\",\"text_align\":\"center\",\"text_align_breakpoint\":\"\",\"text_align_fallback\":\"\",\"maxwidth\":\"\",\"maxwidth_align\":\"\",\"maxwidth_breakpoint\":\"\",\"animation\":\"\",\"visibility\":\"\",\"video_height\":\"600\",\"video\":\"http:\\\/\\\/www.instore-solution.fr\\\/wp-content\\\/uploads\\\/Hachettes-vins-Aide-au-choix-version-Ex-Magina-avec-musique.mp4\",\"video_loop\":true,\"video_width\":\"800\"}},{\"type\":\"divider\",\"props\":{\"divider_element\":\"hr\",\"divider_style\":\"\",\"divider_align\":\"\",\"divider_align_breakpoint\":\"\",\"divider_align_fallback\":\"\",\"maxwidth\":\"small\",\"maxwidth_align\":\"center\",\"maxwidth_breakpoint\":\"\",\"margin\":\"\",\"animation\":\"\",\"visibility\":\"\"}}]}]}]}],\"version\":\"1.19.0\",\"props\":[]} --><\/p>","protected":false},"excerpt":{"rendered":"<p>Comparateur interactif 10 TECHNOLOGIES INNOVANTES POUR UNE EXPERIENCE CLIENT INEDITE Nos applications ergonomiques fonctionnent avec diff\u00e9rents syst\u00e8mes de d\u00e9tection ou un syst\u00e8me de questions simples destin\u00e9es \u00e0 orienter le client dans son choix en 3 clics. Une fois les crit\u00e8res formul\u00e9s ou le produit pris en main, l&rsquo;application met en avant les produits correspondants via [&hellip;]<\/p>","protected":false},"author":1,"featured_media":0,"parent":0,"menu_order":0,"comment_status":"closed","ping_status":"closed","template":"","meta":{"_mi_skip_tracking":false,"_monsterinsights_sitenote_active":false,"_monsterinsights_sitenote_note":"","_monsterinsights_sitenote_category":0,"footnotes":""},"jetpack_sharing_enabled":true,"_links":{"self":[{"href":"https:\/\/www.instore-solution.fr\/en\/wp-json\/wp\/v2\/pages\/7892"}],"collection":[{"href":"https:\/\/www.instore-solution.fr\/en\/wp-json\/wp\/v2\/pages"}],"about":[{"href":"https:\/\/www.instore-solution.fr\/en\/wp-json\/wp\/v2\/types\/page"}],"author":[{"embeddable":true,"href":"https:\/\/www.instore-solution.fr\/en\/wp-json\/wp\/v2\/users\/1"}],"replies":[{"embeddable":true,"href":"https:\/\/www.instore-solution.fr\/en\/wp-json\/wp\/v2\/comments?post=7892"}],"version-history":[{"count":0,"href":"https:\/\/www.instore-solution.fr\/en\/wp-json\/wp\/v2\/pages\/7892\/revisions"}],"wp:attachment":[{"href":"https:\/\/www.instore-solution.fr\/en\/wp-json\/wp\/v2\/media?parent=7892"}],"curies":[{"name":"wp","href":"https:\/\/api.w.org\/{rel}","templated":true}]}}